{"id":570,"date":"2020-10-17T12:26:30","date_gmt":"2020-10-17T09:26:30","guid":{"rendered":"https:\/\/www.grafas.org\/demo01\/?page_id=570"},"modified":"2024-12-10T18:54:48","modified_gmt":"2024-12-10T17:54:48","slug":"kontakt","status":"publish","type":"page","link":"https:\/\/karateklubkadan.cz\/wp2\/kontakt\/","title":{"rendered":"Kontakt"},"content":{"rendered":"\t\t<div data-elementor-type=\"wp-page\" data-elementor-id=\"570\" class=\"elementor elementor-570\">\n\t\t\t\t\t\t<section class=\"elementor-section elementor-top-section elementor-element elementor-element-8828dd8 elementor-section-height-min-height elementor-section-items-bottom elementor-section-boxed elementor-section-height-default\" data-id=\"8828dd8\" data-element_type=\"section\" data-e-type=\"section\" data-settings=\"{&quot;background_background&quot;:&quot;classic&quot;}\">\n\t\t\t\t\t\t\t<div class=\"elementor-background-overlay\"><\/div>\n\t\t\t\t\t\t\t<div class=\"elementor-container elementor-column-gap-default\">\n\t\t\t\t\t<div class=\"elementor-column elementor-col-100 elementor-top-column elementor-element elementor-element-6d43801\" data-id=\"6d43801\" data-element_type=\"column\" data-e-type=\"column\">\n\t\t\t<div class=\"elementor-widget-wrap elementor-element-populated\">\n\t\t\t\t\t\t<div class=\"elementor-element elementor-element-31c8d6d elementor-widget elementor-widget-heading\" data-id=\"31c8d6d\" data-element_type=\"widget\" data-e-type=\"widget\" data-widget_type=\"heading.default\">\n\t\t\t\t<div class=\"elementor-widget-container\">\n\t\t\t\t\t<h1 class=\"elementor-heading-title elementor-size-default\">Kontaktn\u00ed informace<\/h1>\t\t\t\t<\/div>\n\t\t\t\t<\/div>\n\t\t\t\t<div class=\"elementor-element elementor-element-9a9b4e4 elementor-hidden-phone elementor-widget elementor-widget-spacer\" data-id=\"9a9b4e4\" data-element_type=\"widget\" data-e-type=\"widget\" data-widget_type=\"spacer.default\">\n\t\t\t\t<div class=\"elementor-widget-container\">\n\t\t\t\t\t\t\t<div class=\"elementor-spacer\">\n\t\t\t<div class=\"elementor-spacer-inner\"><\/div>\n\t\t<\/div>\n\t\t\t\t\t\t<\/div>\n\t\t\t\t<\/div>\n\t\t\t\t\t<\/div>\n\t\t<\/div>\n\t\t\t\t\t<\/div>\n\t\t<\/section>\n\t\t<div class=\"elementor-element elementor-element-33563c5 e-flex e-con-boxed e-con e-parent\" data-id=\"33563c5\" data-element_type=\"container\" data-e-type=\"container\">\n\t\t\t\t\t<div class=\"e-con-inner\">\n\t\t\t\t<div class=\"elementor-element elementor-element-338fbf5 elementor-widget elementor-widget-spacer\" data-id=\"338fbf5\" data-element_type=\"widget\" data-e-type=\"widget\" data-widget_type=\"spacer.default\">\n\t\t\t\t<div class=\"elementor-widget-container\">\n\t\t\t\t\t\t\t<div class=\"elementor-spacer\">\n\t\t\t<div class=\"elementor-spacer-inner\"><\/div>\n\t\t<\/div>\n\t\t\t\t\t\t<\/div>\n\t\t\t\t<\/div>\n\t\t\t\t\t<\/div>\n\t\t\t\t<\/div>\n\t\t<div class=\"elementor-element elementor-element-e7f5e53 e-flex e-con-boxed e-con e-parent\" data-id=\"e7f5e53\" data-element_type=\"container\" data-e-type=\"container\">\n\t\t\t\t\t<div class=\"e-con-inner\">\n\t\t\t\t<div class=\"elementor-element elementor-element-19c5880 elementor-widget elementor-widget-heading\" data-id=\"19c5880\" data-element_type=\"widget\" data-e-type=\"widget\" data-widget_type=\"heading.default\">\n\t\t\t\t<div class=\"elementor-widget-container\">\n\t\t\t\t\t<h2 class=\"elementor-heading-title elementor-size-default\"><h3>Karate klub Kada\u0148 a Kl\u00e1\u0161terec, z.s.<span style=\"color: var(--global-palette3);font-family: var(--global-heading-font-family);font-size: 60px;font-weight: 700;text-align: var(--text-align)\"><\/span><\/h3><\/h2>\t\t\t\t<\/div>\n\t\t\t\t<\/div>\n\t\t\t\t\t<\/div>\n\t\t\t\t<\/div>\n\t\t<div class=\"elementor-element elementor-element-43655c8 e-flex e-con-boxed e-con e-parent\" data-id=\"43655c8\" data-element_type=\"container\" data-e-type=\"container\">\n\t\t\t\t\t<div class=\"e-con-inner\">\n\t\t<div class=\"elementor-element elementor-element-c92dc77 e-con-full e-flex e-con e-child\" data-id=\"c92dc77\" data-element_type=\"container\" data-e-type=\"container\">\n\t\t\t\t<div class=\"elementor-element elementor-element-bf48404 elementor-widget elementor-widget-text-editor\" data-id=\"bf48404\" data-element_type=\"widget\" data-e-type=\"widget\" data-widget_type=\"text-editor.default\">\n\t\t\t\t<div class=\"elementor-widget-container\">\n\t\t\t\t\t\t\t\t\t<p>S\u00eddlo spolku a koresponden\u010dn\u00ed adresa:<\/p><p>Na Str\u00e1\u017ei\u0161ti 1897<br \/>Kada\u0148<br \/>432 01<\/p><p>Identifika\u010dn\u00ed \u00fadaje:<\/p><p>I\u010c: 61342912<br \/>DI\u010c: nen\u00ed p\u0159id\u011bleno<br \/>ID Datov\u00e9 schr\u00e1nky: zmuujjb<\/p><p>Bankovn\u00ed spojen\u00ed:<\/p><p>Komer\u010dn\u00ed banka, a.s.<br \/>\u010d\u00edslo \u00fa\u010dtu:\u00a02163490277\/0100<\/p>\t\t\t\t\t\t\t\t<\/div>\n\t\t\t\t<\/div>\n\t\t\t\t<\/div>\n\t\t<div class=\"elementor-element elementor-element-442edd9 e-con-full e-flex e-con e-child\" data-id=\"442edd9\" data-element_type=\"container\" data-e-type=\"container\">\n\t\t\t\t<div class=\"elementor-element elementor-element-cb99d6d elementor-widget elementor-widget-text-editor\" data-id=\"cb99d6d\" data-element_type=\"widget\" data-e-type=\"widget\" data-widget_type=\"text-editor.default\">\n\t\t\t\t<div class=\"elementor-widget-container\">\n\t\t\t\t\t\t\t\t\t<p>Kontakt na p\u0159edsedu:<\/p><p>Mgr. Josef Pat\u00edk<br \/>tel. 775 344 172<br \/>email: patasj@seznam.cz<\/p><p><br \/>T\u011blocvi\u010dny:<br \/>Cvi\u010d\u00edme v Kadani (5.Z\u0160 Na Podles\u00ed) i v Kl\u00e1\u0161terci nad Oh\u0159\u00ed (1.Z\u0160, Kr\u00e1tk\u00e1)<\/p>\t\t\t\t\t\t\t\t<\/div>\n\t\t\t\t<\/div>\n\t\t\t\t<\/div>\n\t\t\t\t\t<\/div>\n\t\t\t\t<\/div>\n\t\t<div class=\"elementor-element elementor-element-6d7f249 e-flex e-con-boxed e-con e-parent\" data-id=\"6d7f249\" data-element_type=\"container\" data-e-type=\"container\">\n\t\t\t\t\t<div class=\"e-con-inner\">\n\t\t<div class=\"elementor-element elementor-element-61c621e e-con-full e-flex e-con e-child\" data-id=\"61c621e\" data-element_type=\"container\" data-e-type=\"container\">\n\t\t\t\t<div class=\"elementor-element elementor-element-3413e27 elementor-widget elementor-widget-google_maps\" data-id=\"3413e27\" data-element_type=\"widget\" data-e-type=\"widget\" data-widget_type=\"google_maps.default\">\n\t\t\t\t<div class=\"elementor-widget-container\">\n\t\t\t\t\t\t\t<div class=\"elementor-custom-embed\">\n\t\t\t<iframe loading=\"lazy\"\n\t\t\t\t\tsrc=\"https:\/\/maps.google.com\/maps?q=Z%C5%A0%20kr%C3%A1tk%C3%A1%20kl%C3%A1%C5%A1terec&#038;t=m&#038;z=16&#038;output=embed&#038;iwloc=near\"\n\t\t\t\t\ttitle=\"Z\u0160 kr\u00e1tk\u00e1 kl\u00e1\u0161terec\"\n\t\t\t\t\taria-label=\"Z\u0160 kr\u00e1tk\u00e1 kl\u00e1\u0161terec\"\n\t\t\t><\/iframe>\n\t\t<\/div>\n\t\t\t\t\t\t<\/div>\n\t\t\t\t<\/div>\n\t\t\t\t<\/div>\n\t\t<div class=\"elementor-element elementor-element-5eb3421 e-con-full e-flex e-con e-child\" data-id=\"5eb3421\" data-element_type=\"container\" data-e-type=\"container\">\n\t\t\t\t<div class=\"elementor-element elementor-element-c0cb3f5 elementor-widget elementor-widget-google_maps\" data-id=\"c0cb3f5\" data-element_type=\"widget\" data-e-type=\"widget\" data-widget_type=\"google_maps.default\">\n\t\t\t\t<div class=\"elementor-widget-container\">\n\t\t\t\t\t\t\t<div class=\"elementor-custom-embed\">\n\t\t\t<iframe loading=\"lazy\"\n\t\t\t\t\tsrc=\"https:\/\/maps.google.com\/maps?q=Z%C5%A1%20na%20pdoles%C3%AD%20kada&#038;t=m&#038;z=16&#038;output=embed&#038;iwloc=near\"\n\t\t\t\t\ttitle=\"Z\u0161 na pdoles\u00ed kada\"\n\t\t\t\t\taria-label=\"Z\u0161 na pdoles\u00ed kada\"\n\t\t\t><\/iframe>\n\t\t<\/div>\n\t\t\t\t\t\t<\/div>\n\t\t\t\t<\/div>\n\t\t\t\t<\/div>\n\t\t\t\t\t<\/div>\n\t\t\t\t<\/div>\n\t\t\t\t<\/div>\n\t\t","protected":false},"excerpt":{"rendered":"<p>Kontaktn\u00ed informace Karate klub Kada\u0148 a Kl\u00e1\u0161terec, z.s. S\u00eddlo spolku a koresponden\u010dn\u00ed adresa: Na Str\u00e1\u017ei\u0161ti 1897Kada\u0148432 01 Identifika\u010dn\u00ed \u00fadaje: I\u010c: 61342912DI\u010c: nen\u00ed p\u0159id\u011blenoID Datov\u00e9 schr\u00e1nky: zmuujjb Bankovn\u00ed spojen\u00ed: Komer\u010dn\u00ed banka, a.s.\u010d\u00edslo \u00fa\u010dtu:\u00a02163490277\/0100 Kontakt na p\u0159edsedu: Mgr. Josef Pat\u00edktel. 775 344 172email: patasj@seznam.cz T\u011blocvi\u010dny:Cvi\u010d\u00edme v Kadani (5.Z\u0160 Na Podles\u00ed) i v Kl\u00e1\u0161terci nad Oh\u0159\u00ed (1.Z\u0160, Kr\u00e1tk\u00e1)<\/p>\n","protected":false},"author":1,"featured_media":0,"parent":0,"menu_order":0,"comment_status":"closed","ping_status":"closed","template":"elementor_header_footer","meta":{"_kadence_starter_templates_imported_post":true,"_kad_post_transparent":"","_kad_post_title":"hide","_kad_post_layout":"normal","_kad_post_sidebar_id":"","_kad_post_content_style":"unboxed","_kad_post_vertical_padding":"hide","_kad_post_feature":"hide","_kad_post_feature_position":"","_kad_post_header":false,"_kad_post_footer":false,"footnotes":""},"class_list":["post-570","page","type-page","status-publish","hentry"],"_links":{"self":[{"href":"https:\/\/karateklubkadan.cz\/wp2\/wp-json\/wp\/v2\/pages\/570","targetHints":{"allow":["GET"]}}],"collection":[{"href":"https:\/\/karateklubkadan.cz\/wp2\/wp-json\/wp\/v2\/pages"}],"about":[{"href":"https:\/\/karateklubkadan.cz\/wp2\/wp-json\/wp\/v2\/types\/page"}],"author":[{"embeddable":true,"href":"https:\/\/karateklubkadan.cz\/wp2\/wp-json\/wp\/v2\/users\/1"}],"replies":[{"embeddable":true,"href":"https:\/\/karateklubkadan.cz\/wp2\/wp-json\/wp\/v2\/comments?post=570"}],"version-history":[{"count":20,"href":"https:\/\/karateklubkadan.cz\/wp2\/wp-json\/wp\/v2\/pages\/570\/revisions"}],"predecessor-version":[{"id":1450,"href":"https:\/\/karateklubkadan.cz\/wp2\/wp-json\/wp\/v2\/pages\/570\/revisions\/1450"}],"wp:attachment":[{"href":"https:\/\/karateklubkadan.cz\/wp2\/wp-json\/wp\/v2\/media?parent=570"}],"curies":[{"name":"wp","href":"https:\/\/api.w.org\/{rel}","templated":true}]}}