{"id":25,"date":"2024-07-07T20:15:28","date_gmt":"2024-07-07T18:15:28","guid":{"rendered":"https:\/\/karateklubkadan.cz\/wp2\/?page_id=25"},"modified":"2025-07-26T20:08:48","modified_gmt":"2025-07-26T18:08:48","slug":"nabor","status":"publish","type":"page","link":"https:\/\/karateklubkadan.cz\/wp2\/nabor\/","title":{"rendered":"N\u00e1bor"},"content":{"rendered":"\t\t<div data-elementor-type=\"wp-page\" data-elementor-id=\"25\" class=\"elementor elementor-25\">\n\t\t\t\t<div class=\"elementor-element elementor-element-a138f88 e-flex e-con-boxed e-con e-parent\" data-id=\"a138f88\" data-element_type=\"container\" data-e-type=\"container\" data-settings=\"{&quot;background_background&quot;:&quot;classic&quot;}\">\n\t\t\t\t\t<div class=\"e-con-inner\">\n\t\t\t\t<div class=\"elementor-element elementor-element-9de8114 elementor-widget elementor-widget-spacer\" data-id=\"9de8114\" data-element_type=\"widget\" data-e-type=\"widget\" data-widget_type=\"spacer.default\">\n\t\t\t\t<div class=\"elementor-widget-container\">\n\t\t\t\t\t\t\t<div class=\"elementor-spacer\">\n\t\t\t<div class=\"elementor-spacer-inner\"><\/div>\n\t\t<\/div>\n\t\t\t\t\t\t<\/div>\n\t\t\t\t<\/div>\n\t\t\t\t<div class=\"elementor-element elementor-element-7618430 elementor-widget__width-initial elementor-widget elementor-widget-heading\" data-id=\"7618430\" data-element_type=\"widget\" data-e-type=\"widget\" data-widget_type=\"heading.default\">\n\t\t\t\t<div class=\"elementor-widget-container\">\n\t\t\t\t\t<h1 class=\"elementor-heading-title elementor-size-default\">P\u0159idejte se k n\u00e1m\n<\/h1>\t\t\t\t<\/div>\n\t\t\t\t<\/div>\n\t\t\t\t\t<\/div>\n\t\t\t\t<\/div>\n\t\t<div class=\"elementor-element elementor-element-a38789d e-flex e-con-boxed e-con e-parent\" data-id=\"a38789d\" data-element_type=\"container\" data-e-type=\"container\">\n\t\t\t\t\t<div class=\"e-con-inner\">\n\t\t<div class=\"elementor-element elementor-element-2d65d1b e-con-full e-flex e-con e-child\" data-id=\"2d65d1b\" data-element_type=\"container\" data-e-type=\"container\">\n\t\t\t\t<div class=\"elementor-element elementor-element-68a553d elementor-widget elementor-widget-text-editor\" data-id=\"68a553d\" data-element_type=\"widget\" data-e-type=\"widget\" data-widget_type=\"text-editor.default\">\n\t\t\t\t<div class=\"elementor-widget-container\">\n\t\t\t\t\t\t\t\t\t<h3>Kada\u0148<\/h3>\n<ul>\n<li>Zahajovac\u00ed tr\u00e9nink je 15. 9. 2025<!-- \/wp:list-item --><!-- wp:list-item --><\/li>\n<li>Cvi\u010debn\u00ed \u00fabor tri\u010dko a tepl\u00e1ky.<!-- \/wp:list-item --><!-- wp:list-item --><\/li>\n<li>Tr\u00e9ninky: pond\u011bl\u00ed 17.00 &#8211; 18.00 za\u010d\u00e1te\u010dn\u00edci + p\u0159\u00edpravka, st\u0159eda 17:00 \u2013 18:00 za\u010d\u00e1te\u010dn\u00edci<!-- \/wp:list-item --><!-- wp:list-item --><\/li>\n<li>V t\u011blocvi\u010dn\u011b Z\u0160 Na Podles\u00ed 1480 Kada\u0148<!-- \/wp:list-item --><!-- wp:list-item --><\/li>\n<li>tren\u00e9r: <strong>Josef Pat\u00edk 4. DAN, tel.: 775\u00a0344 172<\/strong><\/li>\n<\/ul>\t\t\t\t\t\t\t\t<\/div>\n\t\t\t\t<\/div>\n\t\t\t\t<div class=\"elementor-element elementor-element-2e68941 elementor-button-info elementor-align-center elementor-widget elementor-widget-button\" data-id=\"2e68941\" data-element_type=\"widget\" data-e-type=\"widget\" data-widget_type=\"button.default\">\n\t\t\t\t<div class=\"elementor-widget-container\">\n\t\t\t\t\t\t\t\t\t<div class=\"elementor-button-wrapper\">\n\t\t\t\t\t<a class=\"elementor-button elementor-button-link elementor-size-sm\" href=\"https:\/\/karateklubkadan.cz\/wp2\/wp-content\/uploads\/2025\/07\/2025_prihlaska_kadan_A4.pdf\" target=\"_blank\">\n\t\t\t\t\t\t<span class=\"elementor-button-content-wrapper\">\n\t\t\t\t\t\t<span class=\"elementor-button-icon\">\n\t\t\t\t<svg aria-hidden=\"true\" class=\"e-font-icon-svg e-far-file\" viewBox=\"0 0 384 512\" xmlns=\"http:\/\/www.w3.org\/2000\/svg\"><path d=\"M369.9 97.9L286 14C277 5 264.8-.1 252.1-.1H48C21.5 0 0 21.5 0 48v416c0 26.5 21.5 48 48 48h288c26.5 0 48-21.5 48-48V131.9c0-12.7-5.1-25-14.1-34zM332.1 128H256V51.9l76.1 76.1zM48 464V48h160v104c0 13.3 10.7 24 24 24h104v288H48z\"><\/path><\/svg>\t\t\t<\/span>\n\t\t\t\t\t\t\t\t\t<span class=\"elementor-button-text\">P\u0159ihl\u00e1\u0161ka<\/span>\n\t\t\t\t\t<\/span>\n\t\t\t\t\t<\/a>\n\t\t\t\t<\/div>\n\t\t\t\t\t\t\t\t<\/div>\n\t\t\t\t<\/div>\n\t\t\t\t<div class=\"elementor-element elementor-element-1c9f2d7 elementor-widget-divider--view-line elementor-widget elementor-widget-divider\" data-id=\"1c9f2d7\" data-element_type=\"widget\" data-e-type=\"widget\" data-widget_type=\"divider.default\">\n\t\t\t\t<div class=\"elementor-widget-container\">\n\t\t\t\t\t\t\t<div class=\"elementor-divider\">\n\t\t\t<span class=\"elementor-divider-separator\">\n\t\t\t\t\t\t<\/span>\n\t\t<\/div>\n\t\t\t\t\t\t<\/div>\n\t\t\t\t<\/div>\n\t\t\t\t<\/div>\n\t\t<div class=\"elementor-element elementor-element-98f7482 e-con-full e-flex e-con e-child\" data-id=\"98f7482\" data-element_type=\"container\" data-e-type=\"container\">\n\t\t\t\t<div class=\"elementor-element elementor-element-84d33f4 elementor-widget elementor-widget-text-editor\" data-id=\"84d33f4\" data-element_type=\"widget\" data-e-type=\"widget\" data-widget_type=\"text-editor.default\">\n\t\t\t\t<div class=\"elementor-widget-container\">\n\t\t\t\t\t\t\t\t\t<div class=\"wp-block-uagb-advanced-heading uagb-block-94bad483\">\n<h3 class=\"uagb-heading-text\">Kl\u00e1\u0161terec nad Oh\u0159\u00ed<\/h3>\n<ul>\n<li class=\"uagb-heading-text\"><span style=\"font-family: var(--global-body-font-family); font-size: 16px;\">Zahajovac\u00ed tr\u00e9nink je 15. 9. 2025<\/span><\/li>\n<li class=\"uagb-heading-text\">Cvi\u010debn\u00ed \u00fabor tri\u010dko a tepl\u00e1ky.<\/li>\n<li class=\"uagb-heading-text\">Tr\u00e9ninky: pond\u011bl\u00ed 16.15 &#8211; 17.30 za\u010d\u00e1te\u010dn\u00edci, \u010dtvrtek 16.15 &#8211; 17.30 za\u010d\u00e1te\u010dn\u00edci,\u00a0\u00a0\u00a0\u00a0\u00a0\u00a0\u00a0\u00a0\u00a0\u00a0\u00a0\u00a0\u00a0\u00a0\u00a0<\/li>\n<li class=\"uagb-heading-text\">Na Z\u0160 Kr\u00e1tk\u00e1 Kl\u00e1\u0161terec nad Oh\u0159\u00ed u Centrumu<\/li>\n<li class=\"uagb-heading-text\">tren\u00e9r: <strong>Josef Pat\u00edk 4. DAN, tel.: 775\u00a0344 172<\/strong><\/li>\n<\/ul>\n<\/div>\n<p><!-- \/wp:list-item --><!-- wp:list-item --><\/p>\t\t\t\t\t\t\t\t<\/div>\n\t\t\t\t<\/div>\n\t\t\t\t<div class=\"elementor-element elementor-element-81b8b8e elementor-button-info elementor-align-center elementor-widget elementor-widget-button\" data-id=\"81b8b8e\" data-element_type=\"widget\" data-e-type=\"widget\" data-widget_type=\"button.default\">\n\t\t\t\t<div class=\"elementor-widget-container\">\n\t\t\t\t\t\t\t\t\t<div class=\"elementor-button-wrapper\">\n\t\t\t\t\t<a class=\"elementor-button elementor-button-link elementor-size-sm\" href=\"https:\/\/karateklubkadan.cz\/wp2\/wp-content\/uploads\/2025\/07\/2025_prihlaska_klasterec_A4.pdf\" target=\"_blank\">\n\t\t\t\t\t\t<span class=\"elementor-button-content-wrapper\">\n\t\t\t\t\t\t<span class=\"elementor-button-icon\">\n\t\t\t\t<svg aria-hidden=\"true\" class=\"e-font-icon-svg e-far-file\" viewBox=\"0 0 384 512\" xmlns=\"http:\/\/www.w3.org\/2000\/svg\"><path d=\"M369.9 97.9L286 14C277 5 264.8-.1 252.1-.1H48C21.5 0 0 21.5 0 48v416c0 26.5 21.5 48 48 48h288c26.5 0 48-21.5 48-48V131.9c0-12.7-5.1-25-14.1-34zM332.1 128H256V51.9l76.1 76.1zM48 464V48h160v104c0 13.3 10.7 24 24 24h104v288H48z\"><\/path><\/svg>\t\t\t<\/span>\n\t\t\t\t\t\t\t\t\t<span class=\"elementor-button-text\">P\u0159ihl\u00e1\u0161ka<\/span>\n\t\t\t\t\t<\/span>\n\t\t\t\t\t<\/a>\n\t\t\t\t<\/div>\n\t\t\t\t\t\t\t\t<\/div>\n\t\t\t\t<\/div>\n\t\t\t\t<div class=\"elementor-element elementor-element-0745111 elementor-widget-divider--view-line elementor-widget elementor-widget-divider\" data-id=\"0745111\" data-element_type=\"widget\" data-e-type=\"widget\" data-widget_type=\"divider.default\">\n\t\t\t\t<div class=\"elementor-widget-container\">\n\t\t\t\t\t\t\t<div class=\"elementor-divider\">\n\t\t\t<span class=\"elementor-divider-separator\">\n\t\t\t\t\t\t<\/span>\n\t\t<\/div>\n\t\t\t\t\t\t<\/div>\n\t\t\t\t<\/div>\n\t\t\t\t<\/div>\n\t\t\t\t\t<\/div>\n\t\t\t\t<\/div>\n\t\t<div class=\"elementor-element elementor-element-b319492 e-flex e-con-boxed e-con e-parent\" data-id=\"b319492\" data-element_type=\"container\" data-e-type=\"container\">\n\t\t\t\t\t<div class=\"e-con-inner\">\n\t\t<div class=\"elementor-element elementor-element-113516d e-con-full e-flex e-con e-child\" data-id=\"113516d\" data-element_type=\"container\" data-e-type=\"container\">\n\t\t\t\t<div class=\"elementor-element elementor-element-a23952f elementor-widget elementor-widget-google_maps\" data-id=\"a23952f\" data-element_type=\"widget\" data-e-type=\"widget\" data-widget_type=\"google_maps.default\">\n\t\t\t\t<div class=\"elementor-widget-container\">\n\t\t\t\t\t\t\t<div class=\"elementor-custom-embed\">\n\t\t\t<iframe loading=\"lazy\"\n\t\t\t\t\tsrc=\"https:\/\/maps.google.com\/maps?q=Z%C5%A1%20na%20pdoles%C3%AD%20kada&#038;t=m&#038;z=16&#038;output=embed&#038;iwloc=near\"\n\t\t\t\t\ttitle=\"Z\u0161 na pdoles\u00ed kada\"\n\t\t\t\t\taria-label=\"Z\u0161 na pdoles\u00ed kada\"\n\t\t\t><\/iframe>\n\t\t<\/div>\n\t\t\t\t\t\t<\/div>\n\t\t\t\t<\/div>\n\t\t\t\t<\/div>\n\t\t<div class=\"elementor-element elementor-element-b193402 e-con-full e-flex e-con e-child\" data-id=\"b193402\" data-element_type=\"container\" data-e-type=\"container\">\n\t\t\t\t<div class=\"elementor-element elementor-element-cb99ad9 elementor-widget elementor-widget-google_maps\" data-id=\"cb99ad9\" data-element_type=\"widget\" data-e-type=\"widget\" data-widget_type=\"google_maps.default\">\n\t\t\t\t<div class=\"elementor-widget-container\">\n\t\t\t\t\t\t\t<div class=\"elementor-custom-embed\">\n\t\t\t<iframe loading=\"lazy\"\n\t\t\t\t\tsrc=\"https:\/\/maps.google.com\/maps?q=Z%C5%A0%20kr%C3%A1tk%C3%A1%20kl%C3%A1%C5%A1terec&#038;t=m&#038;z=16&#038;output=embed&#038;iwloc=near\"\n\t\t\t\t\ttitle=\"Z\u0160 kr\u00e1tk\u00e1 kl\u00e1\u0161terec\"\n\t\t\t\t\taria-label=\"Z\u0160 kr\u00e1tk\u00e1 kl\u00e1\u0161terec\"\n\t\t\t><\/iframe>\n\t\t<\/div>\n\t\t\t\t\t\t<\/div>\n\t\t\t\t<\/div>\n\t\t\t\t<\/div>\n\t\t\t\t\t<\/div>\n\t\t\t\t<\/div>\n\t\t\t\t<\/div>\n\t\t","protected":false},"excerpt":{"rendered":"<p>P\u0159idejte se k n\u00e1m Kada\u0148 Zahajovac\u00ed tr\u00e9nink je 15. 9. 2025 Cvi\u010debn\u00ed \u00fabor tri\u010dko a tepl\u00e1ky. Tr\u00e9ninky: pond\u011bl\u00ed 17.00 &#8211; 18.00 za\u010d\u00e1te\u010dn\u00edci + p\u0159\u00edpravka, st\u0159eda 17:00 \u2013 18:00 za\u010d\u00e1te\u010dn\u00edci V t\u011blocvi\u010dn\u011b Z\u0160 Na Podles\u00ed 1480 Kada\u0148 tren\u00e9r: Josef Pat\u00edk 4. DAN, tel.: 775\u00a0344 172 P\u0159ihl\u00e1\u0161ka Kl\u00e1\u0161terec nad Oh\u0159\u00ed Zahajovac\u00ed tr\u00e9nink je 15. 9. 2025 Cvi\u010debn\u00ed&#8230;<\/p>\n","protected":false},"author":1,"featured_media":0,"parent":0,"menu_order":0,"comment_status":"closed","ping_status":"closed","template":"elementor_header_footer","meta":{"_kadence_starter_templates_imported_post":false,"_kad_post_transparent":"","_kad_post_title":"","_kad_post_layout":"","_kad_post_sidebar_id":"","_kad_post_content_style":"","_kad_post_vertical_padding":"","_kad_post_feature":"","_kad_post_feature_position":"","_kad_post_header":false,"_kad_post_footer":false,"footnotes":""},"class_list":["post-25","page","type-page","status-publish","hentry"],"_links":{"self":[{"href":"https:\/\/karateklubkadan.cz\/wp2\/wp-json\/wp\/v2\/pages\/25","targetHints":{"allow":["GET"]}}],"collection":[{"href":"https:\/\/karateklubkadan.cz\/wp2\/wp-json\/wp\/v2\/pages"}],"about":[{"href":"https:\/\/karateklubkadan.cz\/wp2\/wp-json\/wp\/v2\/types\/page"}],"author":[{"embeddable":true,"href":"https:\/\/karateklubkadan.cz\/wp2\/wp-json\/wp\/v2\/users\/1"}],"replies":[{"embeddable":true,"href":"https:\/\/karateklubkadan.cz\/wp2\/wp-json\/wp\/v2\/comments?post=25"}],"version-history":[{"count":88,"href":"https:\/\/karateklubkadan.cz\/wp2\/wp-json\/wp\/v2\/pages\/25\/revisions"}],"predecessor-version":[{"id":2331,"href":"https:\/\/karateklubkadan.cz\/wp2\/wp-json\/wp\/v2\/pages\/25\/revisions\/2331"}],"wp:attachment":[{"href":"https:\/\/karateklubkadan.cz\/wp2\/wp-json\/wp\/v2\/media?parent=25"}],"curies":[{"name":"wp","href":"https:\/\/api.w.org\/{rel}","templated":true}]}}