{"id":2407,"date":"2025-10-12T17:19:12","date_gmt":"2025-10-12T15:19:12","guid":{"rendered":"https:\/\/karateklubkadan.cz\/wp2\/?page_id=2407"},"modified":"2026-04-03T09:37:42","modified_gmt":"2026-04-03T07:37:42","slug":"kalendar26","status":"publish","type":"page","link":"https:\/\/karateklubkadan.cz\/wp2\/kalendar26\/","title":{"rendered":"Kalend\u00e1\u0159 2026"},"content":{"rendered":"\t\t<div data-elementor-type=\"wp-page\" data-elementor-id=\"2407\" class=\"elementor elementor-2407\">\n\t\t\t\t\t\t<section class=\"elementor-section elementor-top-section elementor-element elementor-element-8828dd8 elementor-section-height-min-height elementor-section-items-bottom elementor-section-boxed elementor-section-height-default\" data-id=\"8828dd8\" data-element_type=\"section\" data-e-type=\"section\" data-settings=\"{&quot;background_background&quot;:&quot;classic&quot;}\">\n\t\t\t\t\t\t\t<div class=\"elementor-background-overlay\"><\/div>\n\t\t\t\t\t\t\t<div class=\"elementor-container elementor-column-gap-default\">\n\t\t\t\t\t<div class=\"elementor-column elementor-col-100 elementor-top-column elementor-element elementor-element-6d43801\" data-id=\"6d43801\" data-element_type=\"column\" data-e-type=\"column\">\n\t\t\t<div class=\"elementor-widget-wrap elementor-element-populated\">\n\t\t\t\t\t\t<div class=\"elementor-element elementor-element-9a9b4e4 elementor-hidden-phone elementor-widget elementor-widget-spacer\" data-id=\"9a9b4e4\" data-element_type=\"widget\" data-e-type=\"widget\" data-widget_type=\"spacer.default\">\n\t\t\t\t<div class=\"elementor-widget-container\">\n\t\t\t\t\t\t\t<div class=\"elementor-spacer\">\n\t\t\t<div class=\"elementor-spacer-inner\"><\/div>\n\t\t<\/div>\n\t\t\t\t\t\t<\/div>\n\t\t\t\t<\/div>\n\t\t\t\t<div class=\"elementor-element elementor-element-31c8d6d elementor-widget elementor-widget-heading\" data-id=\"31c8d6d\" data-element_type=\"widget\" data-e-type=\"widget\" data-widget_type=\"heading.default\">\n\t\t\t\t<div class=\"elementor-widget-container\">\n\t\t\t\t\t<h1 class=\"elementor-heading-title elementor-size-default\">Kalend\u00e1\u0159 akc\u00ed 2026<\/h1>\t\t\t\t<\/div>\n\t\t\t\t<\/div>\n\t\t\t\t\t<\/div>\n\t\t<\/div>\n\t\t\t\t\t<\/div>\n\t\t<\/section>\n\t\t<div class=\"elementor-element elementor-element-0059508 e-con-full e-flex e-con e-parent\" data-id=\"0059508\" data-element_type=\"container\" data-e-type=\"container\">\n\t\t\t\t<div class=\"elementor-element elementor-element-a3f1059 elementor-widget elementor-widget-text-editor\" data-id=\"a3f1059\" data-element_type=\"widget\" data-e-type=\"widget\" data-widget_type=\"text-editor.default\">\n\t\t\t\t<div class=\"elementor-widget-container\">\n\t\t\t\t\t\t\t\t\t<table class=\" aligncenter\" style=\"border-collapse: collapse; table-layout: fixed; width: 589pt;\" rules=\"rows\"><colgroup> <col class=\"x35\" style=\"background: none; width: 60.75pt;\" \/><\/colgroup> <colgroup> <col class=\"x22\" style=\"background: none; width: 268.5pt;\" \/> <col class=\"x22\" style=\"background: none; width: 79.5pt;\" \/> <col class=\"x22\" style=\"background: none; width: 77.25pt;\" \/> <col class=\"x22\" style=\"background: none; width: 103.5pt;\" \/> <\/colgroup><tbody><tr style=\"height: 14.25pt;\"><td class=\"x44\" style=\"height: 14.25pt;\" colspan=\"5\"><span class=\"font4\" style=\"text-decoration: none;\">P\u0158EDB\u011a\u017dN\u00dd<\/span><span class=\"font2\" style=\"text-decoration: none;\">\u00a0KALEND\u00c1\u0158 Karate klubu Kada\u0148 a Kl\u00e1\u0161terec 2026<\/span><\/td><\/tr><tr style=\"height: 14.25pt;\"><td class=\"x38\" style=\"height: 14.25pt;\">\u00a0<\/td><td class=\"x21\" colspan=\"4\">\u00a0<\/td><\/tr><tr style=\"height: 14.25pt;\"><td class=\"x38\" style=\"height: 14.25pt;\">term\u00edn<\/td><td class=\"x21\">n\u00e1zev akce<\/td><td class=\"x21\">m\u00edsto<\/td><td class=\"x21\">po\u0159adatel<\/td><td class=\"x21\">kdo<\/td><\/tr><tr style=\"height: 14.25pt;\"><td class=\"x33\" style=\"height: 12.75pt;\">9. &#8211; 11. 1.<\/td><td class=\"x23\">\u0160kolen\u00ed &#8211; rozhod\u010d\u00ed, zk.komisa\u0159i, instrukto\u0159i, tren\u00e9\u0159i<\/td><td class=\"x23\">\u010cesk\u00fd Krumlov<\/td><td class=\"x23\">Prezidium<\/td><td class=\"x30\">tren\u00e9\u0159i a rozhod\u010d\u00ed<\/td><\/tr><tr style=\"height: 14.25pt;\"><td class=\"x34\" style=\"height: 12.75pt;\">24. 1.<\/td><td class=\"x24\">\u0160kolen\u00ed rozhod\u010d\u00edch + soust\u0159ed\u011bn\u00ed talent. ml\u00e1de\u017ee (v\u00fdb\u011br TM)<\/td><td class=\"x24\">Praha<\/td><td class=\"x24\">TM<\/td><td class=\"x24\">talentovan\u00e1 ml\u00e1de\u017e \u010cR<\/td><\/tr><tr style=\"height: 14.25pt;\"><td class=\"x34\" style=\"height: 12.75pt;\">23. &#8211; 25. 1.<\/td><td class=\"x24\">Soust\u0159ed\u011bn\u00ed reprezentace JKA<\/td><td class=\"x24\">\u010cesk\u00e1 L\u00edpa<\/td><td class=\"x24\">RR<\/td><td class=\"x24\">repre z klubu<\/td><\/tr><tr style=\"height: 14.25pt;\"><td class=\"x35\" style=\"height: 14.25pt;\">\u00a0<\/td><td class=\"x22\" colspan=\"4\">\u00a0<\/td><\/tr><tr style=\"height: 14.25pt;\"><td class=\"x33\" style=\"height: 12.75pt;\">27. 2. &#8211; 1. 3.<\/td><td class=\"x23\">Kumite camp JKA &#8211; Shimizu sensei, Satomi, Hirose<\/td><td class=\"x23\">\u00a0<\/td><td class=\"x23\">\u00a0<\/td><td class=\"x30\">z\u00e1jemci<\/td><\/tr><tr style=\"height: 14.25pt;\"><td class=\"x34\" style=\"height: 12.75pt;\">28. 2.<\/td><td class=\"x24\">Mezin\u00e1rodn\u00ed turnaj karate Gichin Cup<\/td><td class=\"x24\">\u00a0<\/td><td class=\"x24\">\u00a0<\/td><td class=\"x24\">vybran\u00ed z JKA \u010cR<\/td><\/tr><tr style=\"height: 14.25pt;\"><td class=\"x34\" style=\"height: 12.75pt;\">???<\/td><td class=\"x24\">Kontroln\u00ed turnaj karate JKA Cup<\/td><td class=\"x24\">SRN, M\u00fcnich<\/td><td class=\"x24\">RR<\/td><td class=\"x24\">reprezentace \u010cR<\/td><\/tr><tr style=\"height: 14.25pt;\"><td class=\"x35\" style=\"height: 14.25pt;\">\u00a0<\/td><td class=\"x22\" colspan=\"4\">\u00a0<\/td><\/tr><tr style=\"height: 14.25pt;\"><td class=\"x43\" style=\"height: 12.75pt;\">7. 3.<\/td><td class=\"x24\">The international Nakayama CUP 2026<\/td><td class=\"x24\">Lus\u00f3wko<\/td><td class=\"x24\">RR<\/td><td class=\"x24\">reprezentace \u010cR<\/td><\/tr><tr class=\"x25\" style=\"height: 14.25pt; background: none;\"><td class=\"x39\" style=\"height: 12.75pt;\">14. 3.<\/td><td class=\"x31\">1. n\u00e1rodn\u00ed poh\u00e1r \u017e\u00e1ci, ml. dorostenci a junio\u0159i<\/td><td class=\"x31\">Praha \u0160t\u011brboholy<\/td><td class=\"x31\">Sport \u00davaly<\/td><td class=\"x31\">z\u00e1vodn\u00edci<\/td><\/tr><tr style=\"height: 14.25pt;\"><td class=\"x39\" style=\"height: 12.75pt;\">15. 3.<\/td><td class=\"x31\">1. n\u00e1rodn\u00ed poh\u00e1r karate st. dorost a senio\u0159i<\/td><td class=\"x31\">Praha \u0160t\u011brboholy<\/td><td class=\"x31\">Sport \u00davaly<\/td><td class=\"x31\">z\u00e1vodn\u00edci<\/td><\/tr><tr style=\"height: 14.25pt;\"><td class=\"x39\" style=\"height: 12.75pt;\">15. 3.<\/td><td class=\"x31\">\u010cesk\u00e1 n\u00e1rodn\u00ed liga karate \u017e\u00e1ci, dorost a senio\u0159i I. Kolo<\/td><td class=\"x31\">Praha \u0160t\u011brboholy<\/td><td class=\"x31\">Sport \u00davaly<\/td><td class=\"x31\">z\u00e1vodn\u00edci<\/td><\/tr><tr style=\"height: 14.25pt;\"><td class=\"x34\" style=\"height: 12.75pt;\">27. &#8211; 29. 3.<\/td><td class=\"x24\">Soust\u0159ed\u011bn\u00ed reprezentace JKA<\/td><td class=\"x24\">\u010cesk\u00e1 L\u00edpa<\/td><td class=\"x24\">RR<\/td><td class=\"x24\">reprezentace \u010cR<\/td><\/tr><tr style=\"height: 14.25pt;\"><td class=\"x34\" style=\"height: 12.75pt;\">28. 3.<\/td><td class=\"x24\">Soust\u0159ed\u011bn\u00ed talent. ml\u00e1de\u017ee (celorep.v\u00fdb\u011br TM)<\/td><td class=\"x24\">Praha<\/td><td class=\"x24\">RR \u00fasek TM<\/td><td class=\"x24\">talentovan\u00e1 ml\u00e1de\u017e \u010cR<\/td><\/tr><tr style=\"height: 14.25pt;\"><td class=\"x35\" style=\"height: 14.25pt;\">\u00a0<\/td><td class=\"x22\" colspan=\"4\">\u00a0<\/td><\/tr><tr style=\"height: 14.25pt;\"><td class=\"x36\" style=\"height: 12.75pt;\">1. &#8211; 5. 4.<\/td><td class=\"x32\">Soust\u0159ed\u011bn\u00ed Karate klubu Kada\u0148 a Kl\u00e1\u0161terec<\/td><td class=\"x32\">Per\u0161tejn<\/td><td class=\"x32\">KK Kada\u0148 a Kno<\/td><td class=\"x32\">z\u00e1jemci<\/td><\/tr><tr style=\"height: 14.25pt;\"><td class=\"x34\" style=\"height: 12.75pt;\">24. &#8211; 26. 4.<\/td><td class=\"x24\">Soust\u0159ed\u011bn\u00ed reprezentace<\/td><td class=\"x24\">\u010cesk\u00e1 L\u00edpa<\/td><td class=\"x24\">RR<\/td><td class=\"x24\">reprezentace \u010cR<\/td><\/tr><tr style=\"height: 14.25pt;\"><td class=\"x34\" style=\"height: 12.75pt;\">25. 4.<\/td><td class=\"x24\">Soust\u0159ed\u011bn\u00ed talent. ml\u00e1de\u017ee (celorep.v\u00fdb\u011br TM)<\/td><td class=\"x24\">Praha<\/td><td class=\"x24\">RR \u00fasek TM<\/td><td class=\"x24\">talentovan\u00e1 ml\u00e1de\u017e \u010cR<\/td><\/tr><tr style=\"height: 14.25pt;\"><td class=\"x35\" style=\"height: 14.25pt;\">\u00a0<\/td><td class=\"x22\" colspan=\"4\">\u00a0<\/td><\/tr><tr style=\"height: 14.25pt;\"><td class=\"x34\" style=\"height: 12.75pt;\"><div style=\"float: right;\">8. &#8211;<span style=\"mso-spacerun: yes;\">\u00a0 <\/span>9. 5.<\/div><\/td><td class=\"x24\">ME JKA<\/td><td class=\"x24\">Norsko<\/td><td class=\"x24\">Prezidium<\/td><td class=\"x24\">reprezentace \u010cR<\/td><\/tr><tr style=\"height: 14.25pt;\"><td class=\"x33\" style=\"height: 12.75pt;\">15. &#8211; 17. 5.<\/td><td class=\"x23\">Kata Keikokai<\/td><td class=\"x23\">\u00a0<\/td><td class=\"x23\">J\u010cSK JKA<\/td><td class=\"x23\">z\u00e1jemci<\/td><\/tr><tr style=\"height: 14.25pt;\"><td class=\"x33\" style=\"height: 12.75pt;\">\u00a0<\/td><td class=\"x23\">\u00a0<\/td><td class=\"x23\">\u00a0<\/td><td class=\"x23\">\u00a0<\/td><td class=\"x23\">\u00a0<\/td><\/tr><tr style=\"height: 14.25pt;\"><td class=\"x34\" style=\"height: 12.75pt;\">????<\/td><td class=\"x24\">Kontroln\u00ed turnaj reprezentace Fujimura Cup<\/td><td class=\"x24\">SWI<\/td><td class=\"x24\">RR<\/td><td class=\"x24\">reprezentace \u010cR<\/td><\/tr><tr style=\"height: 14.25pt;\"><td class=\"x42\" style=\"height: 12.75pt;\">23. &#8211; 24. 5.<\/td><td class=\"x31\">Velk\u00e1 cena (Grand Prix) Kl\u00e1\u0161terce nad Oh\u0159\u00ed<\/td><td class=\"x32\">Kada\u0148<\/td><td class=\"x32\">KK Kada\u0148 a Kno<\/td><td class=\"x32\">z\u00e1vodn\u00edci + pomocn\u00edci<\/td><\/tr><tr style=\"height: 14.25pt;\"><td class=\"x35\" style=\"height: 14.25pt;\">\u00a0<\/td><td class=\"x22\" colspan=\"4\">\u00a0<\/td><\/tr><tr style=\"height: 14.25pt;\"><td class=\"x42\" style=\"height: 12.75pt;\">8. 6.<\/td><td class=\"x31\">Zkou\u0161ky STV, od 16:00<\/td><td class=\"x32\">Sportovn\u00ed hala Kada\u0148<\/td><td class=\"x32\">KK Kada\u0148 a Kno<\/td><td class=\"x32\">v\u0161ichni z klubu<\/td><\/tr><tr style=\"height: 14.25pt;\"><td class=\"x33\" style=\"height: 12.75pt;\">8. &#8211; 12. 7.<\/td><td class=\"x23\">Gasshuku CZ<\/td><td class=\"x23\">Kada\u0148\u00a0<\/td><td class=\"x23\">Gasshuku CZ<\/td><td class=\"x23\">z\u00e1jemci<\/td><\/tr><tr style=\"height: 14.25pt;\"><td class=\"x33\" style=\"height: 12.75pt;\">8. &#8211; 12. 7.<\/td><td class=\"x23\">\u0160kolen\u00ed rozhod\u010d\u00edch<\/td><td class=\"x23\">Kada\u0148\u00a0<\/td><td class=\"x23\">KR<\/td><td class=\"x23\">z\u00e1jemci<\/td><\/tr><tr style=\"height: 14.25pt;\"><td class=\"x33\" style=\"height: 12.75pt;\">12. 7.<\/td><td class=\"x23\" style=\"overflow: hidden;\">Zkou\u0161ky na STV Dan a mezin\u00e1rodn\u00ed licence rozhod\u010d\u00ed a instruktory<\/td><td class=\"x23\">Kada\u0148\u00a0<\/td><td class=\"x23\">KR<\/td><td class=\"x23\">vyvolen\u00ed<\/td><\/tr><tr style=\"height: 14.25pt;\"><td class=\"x40\" style=\"height: 14.25pt;\">\u00a0<\/td><td class=\"x25\" colspan=\"4\">\u00a0<\/td><\/tr><tr style=\"height: 14.25pt;\"><td class=\"x45\" style=\"height: 12.75pt;\">15.-22.8.<\/td><td class=\"x32\">Soust\u0159ed\u011bn\u00ed Karate klubu Kada\u0148 a Kl\u00e1\u0161terec<\/td><td class=\"x32\">M\u011bd\u011bnec<\/td><td class=\"x32\">KK Kada\u0148 a Kno<\/td><td class=\"x32\">z\u00e1jemci<\/td><\/tr><tr style=\"height: 14.25pt;\"><td class=\"x35\" style=\"height: 14.25pt;\">\u00a0<\/td><td class=\"x26\" colspan=\"4\">\u00a0<\/td><\/tr><tr style=\"height: 14.25pt;\"><td class=\"x34\" style=\"height: 12.75pt;\">5. 9.<\/td><td class=\"x24\">Soust\u0159ed\u011bn\u00ed talent. ml\u00e1de\u017ee (celorep.v\u00fdb\u011br TM)<\/td><td class=\"x24\">Praha<\/td><td class=\"x24\">RR \u00fasek TM<\/td><td class=\"x24\">talentovan\u00e1 ml\u00e1de\u017e \u010cR<\/td><\/tr><tr style=\"height: 14.25pt;\"><td class=\"x41\" style=\"height: 12.75pt;\">11. &#8211; 13. 9.<\/td><td class=\"x30\">\u0160kolen\u00ed tren\u00e9r\u016f III. t\u0159\u00eddy<\/td><td class=\"x30\">D\u011b\u010d\u00edn<\/td><td class=\"x30\">TMK<\/td><td class=\"x30\">tren\u00e9\u0159i a rozhod\u010d\u00ed<\/td><\/tr><tr style=\"height: 14.25pt;\"><td class=\"x42\" style=\"height: 12.75pt;\">26. 9.<\/td><td class=\"x31\">Krajsk\u00fd p\u0159ebor karate JKA<\/td><td class=\"x32\">Kada\u0148<\/td><td class=\"x32\">KK Kada\u0148 a Kno<\/td><td class=\"x32\">z\u00e1vodn\u00edci + pomocn\u00edci<\/td><\/tr><tr style=\"height: 14.25pt;\"><td class=\"x35\" style=\"height: 14.25pt;\">\u00a0<\/td><td class=\"x22\" colspan=\"4\">\u00a0<\/td><\/tr><tr style=\"height: 14.25pt;\"><td class=\"x39\" style=\"height: 12.75pt;\">3. 10.<\/td><td class=\"x31\">2. n\u00e1rodn\u00ed poh\u00e1r \u017e\u00e1ci, ml. dorostenci a junio\u0159i<\/td><td class=\"x31\">Praha<\/td><td class=\"x31\">SKBU Hostiva\u0159<\/td><td class=\"x31\">z\u00e1vodn\u00edci<\/td><\/tr><tr style=\"height: 14.25pt;\"><td class=\"x39\" style=\"height: 12.75pt;\">4. 10.<\/td><td class=\"x31\">2. n\u00e1rodn\u00ed poh\u00e1r karate st. dorost a senio\u0159i<\/td><td class=\"x31\">Praha<\/td><td class=\"x31\">SKBU Hostiva\u0159<\/td><td class=\"x31\">z\u00e1vodn\u00edci<\/td><\/tr><tr style=\"height: 14.25pt;\"><td class=\"x39\" style=\"height: 12.75pt;\">4. 10.<\/td><td class=\"x31\">\u010cesk\u00e1 n\u00e1rodn\u00ed liga karate \u017e\u00e1ci, dorost a senio\u0159i II. Kolo<\/td><td class=\"x31\">Praha<\/td><td class=\"x31\">SKBU Hostiva\u0159<\/td><td class=\"x31\">z\u00e1vodn\u00edci<\/td><\/tr><tr style=\"height: 14.25pt;\"><td class=\"x43\" style=\"height: 12.75pt;\">16. &#8211; 18. 10.<\/td><td class=\"x24\">Soust\u0159ed\u011bn\u00ed reprezentace<\/td><td class=\"x24\">\u010cesk\u00e1 L\u00edpa<\/td><td class=\"x24\">RR<\/td><td class=\"x24\">reprezentace \u010cR<\/td><\/tr><tr style=\"height: 14.25pt;\"><td class=\"x37\" style=\"height: 12.75pt;\">27.- 1. 11.<\/td><td class=\"x32\">Soust\u0159ed\u011bn\u00ed Karate klubu Kada\u0148 a Kl\u00e1\u0161terec<\/td><td class=\"x32\">Per\u0161tejn<\/td><td class=\"x32\">KK Kada\u0148 a Kno<\/td><td class=\"x32\">z\u00e1jemci<\/td><\/tr><tr style=\"height: 14.25pt;\"><td class=\"x35\" style=\"height: 14.25pt;\">\u00a0<\/td><td class=\"x22\" colspan=\"4\">\u00a0<\/td><\/tr><tr style=\"height: 14.25pt;\"><td class=\"x39\" style=\"height: 12.75pt;\">7. 11.<\/td><td class=\"x31\">M\u010cR \u017e\u00e1ci, ml. dorostenci a junio\u0159i<\/td><td class=\"x32\">Kada\u0148<\/td><td class=\"x32\" style=\"overflow: hidden;\">KK Kada\u0148 a Kl\u00e1\u0161terec<\/td><td class=\"x32\">z\u00e1vodn\u00edci + pomocn\u00edci<\/td><\/tr><tr style=\"height: 14.25pt;\"><td class=\"x39\" style=\"height: 12.75pt;\">8. 11.<\/td><td class=\"x31\">M\u010cR karate st. dorost a senio\u0159i<\/td><td class=\"x32\">Kada\u0148<\/td><td class=\"x32\" style=\"overflow: hidden;\">KK Kada\u0148 a Kl\u00e1\u0161terec<\/td><td class=\"x32\">z\u00e1vodn\u00edci + pomocn\u00edci<\/td><\/tr><tr style=\"height: 14.25pt;\"><td class=\"x39\" style=\"height: 12.75pt;\">8. 11.<\/td><td class=\"x31\">\u010cesk\u00e1 n\u00e1rodn\u00ed liga karate JKA \u017e\u00e1ci, dorost a senio\u0159i III. Kolo<\/td><td class=\"x32\">Kada\u0148<\/td><td class=\"x32\" style=\"overflow: hidden;\">KK Kada\u0148 a Kl\u00e1\u0161terec<\/td><td class=\"x32\">z\u00e1vodn\u00edci + pomocn\u00edci<\/td><\/tr><tr style=\"height: 14.25pt;\"><td class=\"x43\" style=\"height: 12.75pt;\">??. 11.<\/td><td class=\"x24\">Kontroln\u00ed turnaj reprezentace JKA Cup<\/td><td class=\"x24\">SRN, Bottrop<\/td><td class=\"x24\">RR<\/td><td class=\"x24\">reprezentace \u010cR<\/td><\/tr><tr style=\"height: 14.25pt;\"><td class=\"x33\" style=\"height: 12.75pt;\">???<\/td><td class=\"x23\">Semin\u00e1\u0159 Akita<\/td><td class=\"x23\">\u00a0<\/td><td class=\"x23\">\u00a0<\/td><td class=\"x23\">\u00a0<\/td><\/tr><tr style=\"height: 14.25pt;\"><td class=\"x34\" style=\"height: 12.75pt; overflow: hidden;\"><div style=\"float: right;\">Listopad, prosinec<\/div><\/td><td class=\"x24\">ME ESKA &#8211; senio\u0159i, junio\u0159i, kadeti<\/td><td class=\"x24\">\u00a0<\/td><td class=\"x24\">RR<\/td><td class=\"x24\">reprezentace \u010cR<\/td><\/tr><\/tbody><\/table>\t\t\t\t\t\t\t\t<\/div>\n\t\t\t\t<\/div>\n\t\t\t\t<\/div>\n\t\t<div class=\"elementor-element elementor-element-83c79fc e-flex e-con-boxed e-con e-parent\" data-id=\"83c79fc\" data-element_type=\"container\" data-e-type=\"container\">\n\t\t\t\t\t<div class=\"e-con-inner\">\n\t\t\t\t<div class=\"elementor-element elementor-element-ca029f9 elementor-button-info elementor-align-center elementor-widget elementor-widget-button\" data-id=\"ca029f9\" data-element_type=\"widget\" data-e-type=\"widget\" data-widget_type=\"button.default\">\n\t\t\t\t<div class=\"elementor-widget-container\">\n\t\t\t\t\t\t\t\t\t<div class=\"elementor-button-wrapper\">\n\t\t\t\t\t<a class=\"elementor-button elementor-button-link elementor-size-sm\" href=\"https:\/\/karateklubkadan.cz\/wp2\/wp-content\/uploads\/2026\/02\/Kalendar-KKKK-2026.pdf\" target=\"_blank\">\n\t\t\t\t\t\t<span class=\"elementor-button-content-wrapper\">\n\t\t\t\t\t\t<span class=\"elementor-button-icon\">\n\t\t\t\t<svg aria-hidden=\"true\" class=\"e-font-icon-svg e-far-file-pdf\" viewBox=\"0 0 384 512\" xmlns=\"http:\/\/www.w3.org\/2000\/svg\"><path d=\"M369.9 97.9L286 14C277 5 264.8-.1 252.1-.1H48C21.5 0 0 21.5 0 48v416c0 26.5 21.5 48 48 48h288c26.5 0 48-21.5 48-48V131.9c0-12.7-5.1-25-14.1-34zM332.1 128H256V51.9l76.1 76.1zM48 464V48h160v104c0 13.3 10.7 24 24 24h104v288H48zm250.2-143.7c-12.2-12-47-8.7-64.4-6.5-17.2-10.5-28.7-25-36.8-46.3 3.9-16.1 10.1-40.6 5.4-56-4.2-26.2-37.8-23.6-42.6-5.9-4.4 16.1-.4 38.5 7 67.1-10 23.9-24.9 56-35.4 74.4-20 10.3-47 26.2-51 46.2-3.3 15.8 26 55.2 76.1-31.2 22.4-7.4 46.8-16.5 68.4-20.1 18.9 10.2 41 17 55.8 17 25.5 0 28-28.2 17.5-38.7zm-198.1 77.8c5.1-13.7 24.5-29.5 30.4-35-19 30.3-30.4 35.7-30.4 35zm81.6-190.6c7.4 0 6.7 32.1 1.8 40.8-4.4-13.9-4.3-40.8-1.8-40.8zm-24.4 136.6c9.7-16.9 18-37 24.7-54.7 8.3 15.1 18.9 27.2 30.1 35.5-20.8 4.3-38.9 13.1-54.8 19.2zm131.6-5s-5 6-37.3-7.8c35.1-2.6 40.9 5.4 37.3 7.8z\"><\/path><\/svg>\t\t\t<\/span>\n\t\t\t\t\t\t\t\t\t<span class=\"elementor-button-text\">Ke sta\u017een\u00ed .pdf<\/span>\n\t\t\t\t\t<\/span>\n\t\t\t\t\t<\/a>\n\t\t\t\t<\/div>\n\t\t\t\t\t\t\t\t<\/div>\n\t\t\t\t<\/div>\n\t\t\t\t\t<\/div>\n\t\t\t\t<\/div>\n\t\t\t\t<\/div>\n\t\t","protected":false},"excerpt":{"rendered":"<p>Kalend\u00e1\u0159 akc\u00ed 2026 P\u0158EDB\u011a\u017dN\u00dd\u00a0KALEND\u00c1\u0158 Karate klubu Kada\u0148 a Kl\u00e1\u0161terec 2026 \u00a0 \u00a0 term\u00edn n\u00e1zev akce m\u00edsto po\u0159adatel kdo 9. &#8211; 11. 1. \u0160kolen\u00ed &#8211; rozhod\u010d\u00ed, zk.komisa\u0159i, instrukto\u0159i, tren\u00e9\u0159i \u010cesk\u00fd Krumlov Prezidium tren\u00e9\u0159i a rozhod\u010d\u00ed 24. 1. \u0160kolen\u00ed rozhod\u010d\u00edch + soust\u0159ed\u011bn\u00ed talent. ml\u00e1de\u017ee (v\u00fdb\u011br TM) Praha TM talentovan\u00e1 ml\u00e1de\u017e \u010cR 23. &#8211; 25. 1. Soust\u0159ed\u011bn\u00ed reprezentace&#8230;<\/p>\n","protected":false},"author":1,"featured_media":0,"parent":0,"menu_order":0,"comment_status":"closed","ping_status":"closed","template":"elementor_header_footer","meta":{"_kadence_starter_templates_imported_post":false,"_kad_post_transparent":"","_kad_post_title":"","_kad_post_layout":"","_kad_post_sidebar_id":"","_kad_post_content_style":"","_kad_post_vertical_padding":"","_kad_post_feature":"","_kad_post_feature_position":"","_kad_post_header":false,"_kad_post_footer":false,"footnotes":""},"class_list":["post-2407","page","type-page","status-publish","hentry"],"_links":{"self":[{"href":"https:\/\/karateklubkadan.cz\/wp2\/wp-json\/wp\/v2\/pages\/2407","targetHints":{"allow":["GET"]}}],"collection":[{"href":"https:\/\/karateklubkadan.cz\/wp2\/wp-json\/wp\/v2\/pages"}],"about":[{"href":"https:\/\/karateklubkadan.cz\/wp2\/wp-json\/wp\/v2\/types\/page"}],"author":[{"embeddable":true,"href":"https:\/\/karateklubkadan.cz\/wp2\/wp-json\/wp\/v2\/users\/1"}],"replies":[{"embeddable":true,"href":"https:\/\/karateklubkadan.cz\/wp2\/wp-json\/wp\/v2\/comments?post=2407"}],"version-history":[{"count":31,"href":"https:\/\/karateklubkadan.cz\/wp2\/wp-json\/wp\/v2\/pages\/2407\/revisions"}],"predecessor-version":[{"id":2587,"href":"https:\/\/karateklubkadan.cz\/wp2\/wp-json\/wp\/v2\/pages\/2407\/revisions\/2587"}],"wp:attachment":[{"href":"https:\/\/karateklubkadan.cz\/wp2\/wp-json\/wp\/v2\/media?parent=2407"}],"curies":[{"name":"wp","href":"https:\/\/api.w.org\/{rel}","templated":true}]}}