{"id":1788,"date":"2024-12-14T17:02:47","date_gmt":"2024-12-14T16:02:47","guid":{"rendered":"https:\/\/karateklubkadan.cz\/wp2\/?page_id=1788"},"modified":"2025-03-06T07:41:48","modified_gmt":"2025-03-06T06:41:48","slug":"rozhodci","status":"publish","type":"page","link":"https:\/\/karateklubkadan.cz\/wp2\/rozhodci\/","title":{"rendered":"Rozhod\u010d\u00ed"},"content":{"rendered":"\t\t<div data-elementor-type=\"wp-page\" data-elementor-id=\"1788\" class=\"elementor elementor-1788\">\n\t\t\t\t\t\t<section class=\"elementor-section elementor-top-section elementor-element elementor-element-8828dd8 elementor-section-height-min-height elementor-section-items-bottom elementor-section-boxed elementor-section-height-default\" data-id=\"8828dd8\" data-element_type=\"section\" data-e-type=\"section\" data-settings=\"{&quot;background_background&quot;:&quot;classic&quot;}\">\n\t\t\t\t\t\t\t<div class=\"elementor-background-overlay\"><\/div>\n\t\t\t\t\t\t\t<div class=\"elementor-container elementor-column-gap-default\">\n\t\t\t\t\t<div class=\"elementor-column elementor-col-100 elementor-top-column elementor-element elementor-element-6d43801\" data-id=\"6d43801\" data-element_type=\"column\" data-e-type=\"column\">\n\t\t\t<div class=\"elementor-widget-wrap elementor-element-populated\">\n\t\t\t\t\t\t<div class=\"elementor-element elementor-element-31c8d6d elementor-widget elementor-widget-heading\" data-id=\"31c8d6d\" data-element_type=\"widget\" data-e-type=\"widget\" data-widget_type=\"heading.default\">\n\t\t\t\t<div class=\"elementor-widget-container\">\n\t\t\t\t\t<h1 class=\"elementor-heading-title elementor-size-default\">Rozhod\u010d\u00ed<\/h1>\t\t\t\t<\/div>\n\t\t\t\t<\/div>\n\t\t\t\t<div class=\"elementor-element elementor-element-9a9b4e4 elementor-hidden-phone elementor-widget elementor-widget-spacer\" data-id=\"9a9b4e4\" data-element_type=\"widget\" data-e-type=\"widget\" data-widget_type=\"spacer.default\">\n\t\t\t\t<div class=\"elementor-widget-container\">\n\t\t\t\t\t\t\t<div class=\"elementor-spacer\">\n\t\t\t<div class=\"elementor-spacer-inner\"><\/div>\n\t\t<\/div>\n\t\t\t\t\t\t<\/div>\n\t\t\t\t<\/div>\n\t\t\t\t\t<\/div>\n\t\t<\/div>\n\t\t\t\t\t<\/div>\n\t\t<\/section>\n\t\t<div class=\"elementor-element elementor-element-33563c5 e-flex e-con-boxed e-con e-parent\" data-id=\"33563c5\" data-element_type=\"container\" data-e-type=\"container\">\n\t\t\t\t\t<div class=\"e-con-inner\">\n\t\t\t\t<div class=\"elementor-element elementor-element-338fbf5 elementor-widget elementor-widget-spacer\" data-id=\"338fbf5\" data-element_type=\"widget\" data-e-type=\"widget\" data-widget_type=\"spacer.default\">\n\t\t\t\t<div class=\"elementor-widget-container\">\n\t\t\t\t\t\t\t<div class=\"elementor-spacer\">\n\t\t\t<div class=\"elementor-spacer-inner\"><\/div>\n\t\t<\/div>\n\t\t\t\t\t\t<\/div>\n\t\t\t\t<\/div>\n\t\t\t\t\t<\/div>\n\t\t\t\t<\/div>\n\t\t<div class=\"elementor-element elementor-element-1c4d40c e-flex e-con-boxed e-con e-parent\" data-id=\"1c4d40c\" data-element_type=\"container\" data-e-type=\"container\">\n\t\t\t\t\t<div class=\"e-con-inner\">\n\t\t<div class=\"elementor-element elementor-element-6c40767 e-con-full e-flex e-con e-child\" data-id=\"6c40767\" data-element_type=\"container\" data-e-type=\"container\">\n\t\t\t\t<div class=\"elementor-element elementor-element-46cb34b elementor-widget elementor-widget-image\" data-id=\"46cb34b\" data-element_type=\"widget\" data-e-type=\"widget\" data-widget_type=\"image.default\">\n\t\t\t\t<div class=\"elementor-widget-container\">\n\t\t\t\t\t\t\t\t\t\t\t\t\t\t\t<img decoding=\"async\" src=\"https:\/\/karateklubkadan.cz\/wp2\/wp-content\/uploads\/elementor\/thumbs\/DSC_7535-scaled-e1737309059733-r08xe6dklghgoxag2lap5drpd746znaaq4lxmjbpuo.jpg\" title=\"DSC_7535\" alt=\"DSC_7535\" loading=\"lazy\" \/>\t\t\t\t\t\t\t\t\t\t\t\t\t\t\t<\/div>\n\t\t\t\t<\/div>\n\t\t\t\t<div class=\"elementor-element elementor-element-11b43a8 elementor-widget elementor-widget-text-editor\" data-id=\"11b43a8\" data-element_type=\"widget\" data-e-type=\"widget\" data-widget_type=\"text-editor.default\">\n\t\t\t\t<div class=\"elementor-widget-container\">\n\t\t\t\t\t\t\t\t\t<div><h3 style=\"text-align: center;\">Mgr. Josef Pat\u00edk<\/h3><div>\u00a0<\/div><div><div class=\"text\" style=\"text-align: center;\">Mezin\u00e1rodn\u00ed licence C<\/div><\/div><\/div>\t\t\t\t\t\t\t\t<\/div>\n\t\t\t\t<\/div>\n\t\t\t\t<\/div>\n\t\t<div class=\"elementor-element elementor-element-8dea955 e-con-full e-flex e-con e-child\" data-id=\"8dea955\" data-element_type=\"container\" data-e-type=\"container\">\n\t\t\t\t<div class=\"elementor-element elementor-element-6443ef4 elementor-widget elementor-widget-image\" data-id=\"6443ef4\" data-element_type=\"widget\" data-e-type=\"widget\" data-widget_type=\"image.default\">\n\t\t\t\t<div class=\"elementor-widget-container\">\n\t\t\t\t\t\t\t\t\t\t\t\t\t\t\t<img decoding=\"async\" src=\"https:\/\/karateklubkadan.cz\/wp2\/wp-content\/uploads\/elementor\/thumbs\/DSC_6780-scaled-e1737309128129-r08xfz8fp0y8y0o8jvbyffeics8iqrfrz1mfqmnjxc.jpg\" title=\"DSC_6780\" alt=\"DSC_6780\" loading=\"lazy\" \/>\t\t\t\t\t\t\t\t\t\t\t\t\t\t\t<\/div>\n\t\t\t\t<\/div>\n\t\t\t\t<div class=\"elementor-element elementor-element-1985395 elementor-widget elementor-widget-text-editor\" data-id=\"1985395\" data-element_type=\"widget\" data-e-type=\"widget\" data-widget_type=\"text-editor.default\">\n\t\t\t\t<div class=\"elementor-widget-container\">\n\t\t\t\t\t\t\t\t\t<div><h3 style=\"text-align: center;\"><span style=\"text-align: var(--text-align); font-family: var(--global-body-font-family);\">Ing. Jan Kalku\u0161<\/span><\/h3><div style=\"text-align: center;\">\u00a0<\/div><div style=\"text-align: center;\">Mezin\u00e1rodn\u00ed licence D<\/div><\/div>\t\t\t\t\t\t\t\t<\/div>\n\t\t\t\t<\/div>\n\t\t\t\t<\/div>\n\t\t\t\t\t<\/div>\n\t\t\t\t<\/div>\n\t\t<div class=\"elementor-element elementor-element-15de3a6 e-flex e-con-boxed e-con e-parent\" data-id=\"15de3a6\" data-element_type=\"container\" data-e-type=\"container\">\n\t\t\t\t\t<div class=\"e-con-inner\">\n\t\t<div class=\"elementor-element elementor-element-0ddfc45 e-con-full e-flex e-con e-child\" data-id=\"0ddfc45\" data-element_type=\"container\" data-e-type=\"container\">\n\t\t\t\t<div class=\"elementor-element elementor-element-2a1f0b7 elementor-widget elementor-widget-image\" data-id=\"2a1f0b7\" data-element_type=\"widget\" data-e-type=\"widget\" data-widget_type=\"image.default\">\n\t\t\t\t<div class=\"elementor-widget-container\">\n\t\t\t\t\t\t\t\t\t\t\t\t\t\t\t<img decoding=\"async\" src=\"https:\/\/karateklubkadan.cz\/wp2\/wp-content\/uploads\/elementor\/thumbs\/DSC_8725-scaled-e1737309158924-r08xgrfmlwta8bp0e4dxmb4p7ol5tfrfyps6abyyrs.jpg\" title=\"DSC_8725\" alt=\"DSC_8725\" loading=\"lazy\" \/>\t\t\t\t\t\t\t\t\t\t\t\t\t\t\t<\/div>\n\t\t\t\t<\/div>\n\t\t\t\t<div class=\"elementor-element elementor-element-9121296 elementor-widget elementor-widget-text-editor\" data-id=\"9121296\" data-element_type=\"widget\" data-e-type=\"widget\" data-widget_type=\"text-editor.default\">\n\t\t\t\t<div class=\"elementor-widget-container\">\n\t\t\t\t\t\t\t\t\t<div><h3 style=\"text-align: center;\"><span style=\"text-align: var(--text-align); font-family: var(--global-body-font-family);\">Ing. Jakub Folt\u00fdn<\/span><span style=\"text-align: var(--text-align); color: var(--global-palette4); font-family: var(--global-body-font-family); font-size: 18px;\">\u00a0<\/span><\/h3><div>\u00a0<\/div><div style=\"text-align: center;\">N\u00e1rodn\u00ed licence E<\/div><\/div>\t\t\t\t\t\t\t\t<\/div>\n\t\t\t\t<\/div>\n\t\t\t\t<\/div>\n\t\t<div class=\"elementor-element elementor-element-09eea66 e-con-full e-flex e-con e-child\" data-id=\"09eea66\" data-element_type=\"container\" data-e-type=\"container\">\n\t\t\t\t<div class=\"elementor-element elementor-element-f9f8843 elementor-widget elementor-widget-image\" data-id=\"f9f8843\" data-element_type=\"widget\" data-e-type=\"widget\" data-widget_type=\"image.default\">\n\t\t\t\t<div class=\"elementor-widget-container\">\n\t\t\t\t\t\t\t\t\t\t\t\t\t\t\t<img decoding=\"async\" src=\"https:\/\/karateklubkadan.cz\/wp2\/wp-content\/uploads\/elementor\/thumbs\/DSC_9514-scaled-e1737309191596-r08xhne52a1172el7i78z32des7n35abf3yolqnkw8.jpg\" title=\"DSC_9514\" alt=\"DSC_9514\" loading=\"lazy\" \/>\t\t\t\t\t\t\t\t\t\t\t\t\t\t\t<\/div>\n\t\t\t\t<\/div>\n\t\t\t\t<div class=\"elementor-element elementor-element-0df14eb elementor-widget elementor-widget-text-editor\" data-id=\"0df14eb\" data-element_type=\"widget\" data-e-type=\"widget\" data-widget_type=\"text-editor.default\">\n\t\t\t\t<div class=\"elementor-widget-container\">\n\t\t\t\t\t\t\t\t\t<h3 style=\"text-align: center;\"><span style=\"text-align: var(--text-align); font-family: var(--global-body-font-family);\">Ing. Michal Kubinec<\/span><span style=\"text-align: var(--text-align); color: var(--global-palette4); font-family: var(--global-body-font-family); font-size: 18px;\">\u00a0<\/span><\/h3><div style=\"text-align: center;\"><div>\u00a0<\/div><div style=\"text-align: center;\">N\u00e1rodn\u00ed licence E<\/div><\/div>\t\t\t\t\t\t\t\t<\/div>\n\t\t\t\t<\/div>\n\t\t\t\t<\/div>\n\t\t<div class=\"elementor-element elementor-element-0276669 e-con-full e-flex e-con e-child\" data-id=\"0276669\" data-element_type=\"container\" data-e-type=\"container\">\n\t\t\t\t<div class=\"elementor-element elementor-element-d8824b9 elementor-widget elementor-widget-image\" data-id=\"d8824b9\" data-element_type=\"widget\" data-e-type=\"widget\" data-widget_type=\"image.default\">\n\t\t\t\t<div class=\"elementor-widget-container\">\n\t\t\t\t\t\t\t\t\t\t\t\t\t\t\t<img decoding=\"async\" src=\"https:\/\/karateklubkadan.cz\/wp2\/wp-content\/uploads\/elementor\/thumbs\/DSC_9358-scaled-e1737309230760-r08xin409zdxg8ypexn2lu1vzfbl7n8480r4u96mbs.jpg\" title=\"DSC_9358\" alt=\"DSC_9358\" loading=\"lazy\" \/>\t\t\t\t\t\t\t\t\t\t\t\t\t\t\t<\/div>\n\t\t\t\t<\/div>\n\t\t\t\t<div class=\"elementor-element elementor-element-cc3f702 elementor-widget elementor-widget-text-editor\" data-id=\"cc3f702\" data-element_type=\"widget\" data-e-type=\"widget\" data-widget_type=\"text-editor.default\">\n\t\t\t\t<div class=\"elementor-widget-container\">\n\t\t\t\t\t\t\t\t\t<h3 style=\"text-align: center;\">Mgr. Bc. Tom\u00e1\u0161 Fron\u011bk<\/h3><div style=\"text-align: center;\"><div>\u00a0<\/div><div style=\"text-align: center;\">N\u00e1rodn\u00ed licence F<\/div><\/div>\t\t\t\t\t\t\t\t<\/div>\n\t\t\t\t<\/div>\n\t\t\t\t<\/div>\n\t\t<div class=\"elementor-element elementor-element-e31f3d0 e-con-full e-flex e-con e-child\" data-id=\"e31f3d0\" data-element_type=\"container\" data-e-type=\"container\">\n\t\t\t\t<div class=\"elementor-element elementor-element-e039bd3 elementor-widget elementor-widget-image\" data-id=\"e039bd3\" data-element_type=\"widget\" data-e-type=\"widget\" data-widget_type=\"image.default\">\n\t\t\t\t<div class=\"elementor-widget-container\">\n\t\t\t\t\t\t\t\t\t\t\t\t\t\t\t<img decoding=\"async\" src=\"https:\/\/karateklubkadan.cz\/wp2\/wp-content\/uploads\/elementor\/thumbs\/DSC_9336-scaled-e1737309266443-r08xjky740o927ljxc9n3lihdaoswqygco8m47sg3s.jpg\" title=\"DSC_9336\" alt=\"DSC_9336\" loading=\"lazy\" \/>\t\t\t\t\t\t\t\t\t\t\t\t\t\t\t<\/div>\n\t\t\t\t<\/div>\n\t\t\t\t<div class=\"elementor-element elementor-element-d854efb elementor-widget elementor-widget-text-editor\" data-id=\"d854efb\" data-element_type=\"widget\" data-e-type=\"widget\" data-widget_type=\"text-editor.default\">\n\t\t\t\t<div class=\"elementor-widget-container\">\n\t\t\t\t\t\t\t\t\t<h3 style=\"text-align: center;\">Ing. Jakub Gvo\u017ediak<\/h3><div><div>\u00a0<\/div><div style=\"text-align: center;\">N\u00e1rodn\u00ed licence F<\/div><\/div><div><div class=\"text\" style=\"text-align: center;\">\u00a0<\/div><\/div>\t\t\t\t\t\t\t\t<\/div>\n\t\t\t\t<\/div>\n\t\t\t\t<\/div>\n\t\t\t\t\t<\/div>\n\t\t\t\t<\/div>\n\t\t<div class=\"elementor-element elementor-element-e19ad54 e-flex e-con-boxed e-con e-parent\" data-id=\"e19ad54\" data-element_type=\"container\" data-e-type=\"container\">\n\t\t\t\t\t<div class=\"e-con-inner\">\n\t\t<div class=\"elementor-element elementor-element-a49410c e-con-full e-flex e-con e-child\" data-id=\"a49410c\" data-element_type=\"container\" data-e-type=\"container\">\n\t\t\t\t<div class=\"elementor-element elementor-element-630cb59 elementor-widget elementor-widget-image\" data-id=\"630cb59\" data-element_type=\"widget\" data-e-type=\"widget\" data-widget_type=\"image.default\">\n\t\t\t\t<div class=\"elementor-widget-container\">\n\t\t\t\t\t\t\t\t\t\t\t\t\t\t\t<img decoding=\"async\" src=\"https:\/\/karateklubkadan.cz\/wp2\/wp-content\/uploads\/elementor\/thumbs\/DSC_9612-scaled-e1737314856109-r091ljc0bwh3ufl9nfi59rl617am4sdzr30uszdpxk.jpg\" title=\"DSC_9612\" alt=\"DSC_9612\" loading=\"lazy\" \/>\t\t\t\t\t\t\t\t\t\t\t\t\t\t\t<\/div>\n\t\t\t\t<\/div>\n\t\t\t\t<div class=\"elementor-element elementor-element-1441d1a elementor-widget elementor-widget-text-editor\" data-id=\"1441d1a\" data-element_type=\"widget\" data-e-type=\"widget\" data-widget_type=\"text-editor.default\">\n\t\t\t\t<div class=\"elementor-widget-container\">\n\t\t\t\t\t\t\t\t\t<h3 style=\"text-align: center;\"><span style=\"text-align: var(--text-align); font-family: var(--global-body-font-family);\">Ing. Babeta Dlouh\u00e1<\/span><span style=\"text-align: var(--text-align); color: var(--global-palette4); font-family: var(--global-body-font-family); font-size: 18px;\">\u00a0<\/span><\/h3><div style=\"text-align: center;\"><div>\u00a0<\/div><div style=\"text-align: center;\">N\u00e1rodn\u00ed licence G<\/div><\/div>\t\t\t\t\t\t\t\t<\/div>\n\t\t\t\t<\/div>\n\t\t\t\t<\/div>\n\t\t<div class=\"elementor-element elementor-element-8db9f10 e-con-full e-flex e-con e-child\" data-id=\"8db9f10\" data-element_type=\"container\" data-e-type=\"container\">\n\t\t\t\t<div class=\"elementor-element elementor-element-90d0161 elementor-widget elementor-widget-image\" data-id=\"90d0161\" data-element_type=\"widget\" data-e-type=\"widget\" data-widget_type=\"image.default\">\n\t\t\t\t<div class=\"elementor-widget-container\">\n\t\t\t\t\t\t\t\t\t\t\t\t\t\t\t<img decoding=\"async\" src=\"https:\/\/karateklubkadan.cz\/wp2\/wp-content\/uploads\/elementor\/thumbs\/Karate_icon.svg-qyex7rsl1c65uqkd1turmaf3z4ydni2xybs7x2dpc8.png\" title=\"Karate_icon.svg\" alt=\"Karate_icon.svg\" loading=\"lazy\" \/>\t\t\t\t\t\t\t\t\t\t\t\t\t\t\t<\/div>\n\t\t\t\t<\/div>\n\t\t\t\t<div class=\"elementor-element elementor-element-ff1207c elementor-widget elementor-widget-text-editor\" data-id=\"ff1207c\" data-element_type=\"widget\" data-e-type=\"widget\" data-widget_type=\"text-editor.default\">\n\t\t\t\t<div class=\"elementor-widget-container\">\n\t\t\t\t\t\t\t\t\t<h3 style=\"text-align: center;\"><span style=\"font-family: var(--global-body-font-family);\">\u0160\u00e1rka Koritinov\u00e1<\/span><span style=\"color: var(--global-palette4); font-family: var(--global-body-font-family); font-size: 18px;\">&nbsp;<\/span><\/h3>\n<div style=\"text-align: center;\">\n<div style=\"text-align: center;\"><br><\/div><div style=\"text-align: center;\">N\u00e1rodn\u00ed licence H<\/div>\n<\/div>\t\t\t\t\t\t\t\t<\/div>\n\t\t\t\t<\/div>\n\t\t\t\t<\/div>\n\t\t<div class=\"elementor-element elementor-element-156c5a4 e-con-full e-flex e-con e-child\" data-id=\"156c5a4\" data-element_type=\"container\" data-e-type=\"container\">\n\t\t\t\t<div class=\"elementor-element elementor-element-22cc182 elementor-widget elementor-widget-image\" data-id=\"22cc182\" data-element_type=\"widget\" data-e-type=\"widget\" data-widget_type=\"image.default\">\n\t\t\t\t<div class=\"elementor-widget-container\">\n\t\t\t\t\t\t\t\t\t\t\t\t\t\t\t<img decoding=\"async\" src=\"https:\/\/karateklubkadan.cz\/wp2\/wp-content\/uploads\/elementor\/thumbs\/Karate_icon.svg-qyex7rsl1c65uqkd1turmaf3z4ydni2xybs7x2dpc8.png\" title=\"Karate_icon.svg\" alt=\"Karate_icon.svg\" loading=\"lazy\" \/>\t\t\t\t\t\t\t\t\t\t\t\t\t\t\t<\/div>\n\t\t\t\t<\/div>\n\t\t\t\t<div class=\"elementor-element elementor-element-f5abd38 elementor-widget elementor-widget-text-editor\" data-id=\"f5abd38\" data-element_type=\"widget\" data-e-type=\"widget\" data-widget_type=\"text-editor.default\">\n\t\t\t\t<div class=\"elementor-widget-container\">\n\t\t\t\t\t\t\t\t\t<h3 style=\"text-align: center;\"><span style=\"font-family: var(--global-body-font-family);\">Pavel V\u00e1vra<\/span><span style=\"color: var(--global-palette4); font-family: var(--global-body-font-family); font-size: 18px;\">\u00a0<\/span><\/h3><div style=\"text-align: center;\"><div style=\"text-align: center;\">\u00a0<\/div><div style=\"text-align: center;\">N\u00e1rodn\u00ed licence H<\/div><\/div>\t\t\t\t\t\t\t\t<\/div>\n\t\t\t\t<\/div>\n\t\t\t\t<\/div>\n\t\t<div class=\"elementor-element elementor-element-15361be e-con-full e-flex e-con e-child\" data-id=\"15361be\" data-element_type=\"container\" data-e-type=\"container\">\n\t\t\t\t<\/div>\n\t\t\t\t\t<\/div>\n\t\t\t\t<\/div>\n\t\t\t\t<\/div>\n\t\t","protected":false},"excerpt":{"rendered":"<p>Rozhod\u010d\u00ed Mgr. Josef Pat\u00edk \u00a0Mezin\u00e1rodn\u00ed licence C Ing. Jan Kalku\u0161 \u00a0Mezin\u00e1rodn\u00ed licence D Ing. Jakub Folt\u00fdn\u00a0 \u00a0N\u00e1rodn\u00ed licence E Ing. Michal Kubinec\u00a0 \u00a0N\u00e1rodn\u00ed licence E Mgr. Bc. Tom\u00e1\u0161 Fron\u011bk \u00a0N\u00e1rodn\u00ed licence F Ing. Jakub Gvo\u017ediak \u00a0N\u00e1rodn\u00ed licence F\u00a0 Ing. Babeta Dlouh\u00e1\u00a0 \u00a0N\u00e1rodn\u00ed licence G \u0160\u00e1rka Koritinov\u00e1&nbsp; N\u00e1rodn\u00ed licence H Pavel V\u00e1vra\u00a0 \u00a0N\u00e1rodn\u00ed licence H<\/p>\n","protected":false},"author":1,"featured_media":0,"parent":0,"menu_order":0,"comment_status":"closed","ping_status":"closed","template":"elementor_header_footer","meta":{"_kadence_starter_templates_imported_post":false,"_kad_post_transparent":"","_kad_post_title":"","_kad_post_layout":"","_kad_post_sidebar_id":"","_kad_post_content_style":"","_kad_post_vertical_padding":"","_kad_post_feature":"","_kad_post_feature_position":"","_kad_post_header":false,"_kad_post_footer":false,"footnotes":""},"class_list":["post-1788","page","type-page","status-publish","hentry"],"_links":{"self":[{"href":"https:\/\/karateklubkadan.cz\/wp2\/wp-json\/wp\/v2\/pages\/1788","targetHints":{"allow":["GET"]}}],"collection":[{"href":"https:\/\/karateklubkadan.cz\/wp2\/wp-json\/wp\/v2\/pages"}],"about":[{"href":"https:\/\/karateklubkadan.cz\/wp2\/wp-json\/wp\/v2\/types\/page"}],"author":[{"embeddable":true,"href":"https:\/\/karateklubkadan.cz\/wp2\/wp-json\/wp\/v2\/users\/1"}],"replies":[{"embeddable":true,"href":"https:\/\/karateklubkadan.cz\/wp2\/wp-json\/wp\/v2\/comments?post=1788"}],"version-history":[{"count":25,"href":"https:\/\/karateklubkadan.cz\/wp2\/wp-json\/wp\/v2\/pages\/1788\/revisions"}],"predecessor-version":[{"id":2155,"href":"https:\/\/karateklubkadan.cz\/wp2\/wp-json\/wp\/v2\/pages\/1788\/revisions\/2155"}],"wp:attachment":[{"href":"https:\/\/karateklubkadan.cz\/wp2\/wp-json\/wp\/v2\/media?parent=1788"}],"curies":[{"name":"wp","href":"https:\/\/api.w.org\/{rel}","templated":true}]}}