{"id":1464,"date":"2024-12-10T19:05:28","date_gmt":"2024-12-10T18:05:28","guid":{"rendered":"https:\/\/karateklubkadan.cz\/wp2\/?page_id=1464"},"modified":"2025-03-30T18:42:49","modified_gmt":"2025-03-30T16:42:49","slug":"treninky","status":"publish","type":"page","link":"https:\/\/karateklubkadan.cz\/wp2\/treninky\/","title":{"rendered":"Tr\u00e9ninky"},"content":{"rendered":"\t\t<div data-elementor-type=\"wp-page\" data-elementor-id=\"1464\" class=\"elementor elementor-1464\">\n\t\t\t\t\t\t<section class=\"elementor-section elementor-top-section elementor-element elementor-element-8828dd8 elementor-section-height-min-height elementor-section-items-bottom elementor-section-boxed elementor-section-height-default\" data-id=\"8828dd8\" data-element_type=\"section\" data-e-type=\"section\" data-settings=\"{&quot;background_background&quot;:&quot;classic&quot;}\">\n\t\t\t\t\t\t<div class=\"elementor-container elementor-column-gap-default\">\n\t\t\t\t\t<div class=\"elementor-column elementor-col-100 elementor-top-column elementor-element elementor-element-6d43801\" data-id=\"6d43801\" data-element_type=\"column\" data-e-type=\"column\">\n\t\t\t<div class=\"elementor-widget-wrap elementor-element-populated\">\n\t\t\t\t\t\t<div class=\"elementor-element elementor-element-31c8d6d elementor-widget elementor-widget-heading\" data-id=\"31c8d6d\" data-element_type=\"widget\" data-e-type=\"widget\" data-widget_type=\"heading.default\">\n\t\t\t\t<div class=\"elementor-widget-container\">\n\t\t\t\t\t<h1 class=\"elementor-heading-title elementor-size-default\">Kdy a kde cvi\u010d\u00edme<\/h1>\t\t\t\t<\/div>\n\t\t\t\t<\/div>\n\t\t\t\t<div class=\"elementor-element elementor-element-9a9b4e4 elementor-hidden-phone elementor-widget elementor-widget-spacer\" data-id=\"9a9b4e4\" data-element_type=\"widget\" data-e-type=\"widget\" data-widget_type=\"spacer.default\">\n\t\t\t\t<div class=\"elementor-widget-container\">\n\t\t\t\t\t\t\t<div class=\"elementor-spacer\">\n\t\t\t<div class=\"elementor-spacer-inner\"><\/div>\n\t\t<\/div>\n\t\t\t\t\t\t<\/div>\n\t\t\t\t<\/div>\n\t\t\t\t\t<\/div>\n\t\t<\/div>\n\t\t\t\t\t<\/div>\n\t\t<\/section>\n\t\t<div class=\"elementor-element elementor-element-33563c5 e-flex e-con-boxed e-con e-parent\" data-id=\"33563c5\" data-element_type=\"container\" data-e-type=\"container\">\n\t\t\t\t\t<div class=\"e-con-inner\">\n\t\t\t\t<div class=\"elementor-element elementor-element-338fbf5 elementor-widget elementor-widget-spacer\" data-id=\"338fbf5\" data-element_type=\"widget\" data-e-type=\"widget\" data-widget_type=\"spacer.default\">\n\t\t\t\t<div class=\"elementor-widget-container\">\n\t\t\t\t\t\t\t<div class=\"elementor-spacer\">\n\t\t\t<div class=\"elementor-spacer-inner\"><\/div>\n\t\t<\/div>\n\t\t\t\t\t\t<\/div>\n\t\t\t\t<\/div>\n\t\t\t\t\t<\/div>\n\t\t\t\t<\/div>\n\t\t<div class=\"elementor-element elementor-element-43655c8 e-flex e-con-boxed e-con e-parent\" data-id=\"43655c8\" data-element_type=\"container\" data-e-type=\"container\">\n\t\t\t\t\t<div class=\"e-con-inner\">\n\t\t<div class=\"elementor-element elementor-element-c92dc77 e-con-full e-flex e-con e-child\" data-id=\"c92dc77\" data-element_type=\"container\" data-e-type=\"container\">\n\t\t\t\t<div class=\"elementor-element elementor-element-bf48404 elementor-widget elementor-widget-text-editor\" data-id=\"bf48404\" data-element_type=\"widget\" data-e-type=\"widget\" data-widget_type=\"text-editor.default\">\n\t\t\t\t<div class=\"elementor-widget-container\">\n\t\t\t\t\t\t\t\t\t<h3 style=\"text-align: center;\">Kl\u00e1\u0161t\u011brec nad Oh\u0159\u00ed<\/h3><table border=\"0\"><tbody><tr><td><strong>Pond\u011bl\u00ed<\/strong><\/td><td>16.15 &#8211; 17.30<\/td><td>\u00a0d\u011bti 5-7 let a za\u010d\u00e1te\u010dn\u00edci, pokro\u010dil\u00ed 10.-9.kyu<\/td><\/tr><tr><td>\u00a0<\/td><td>17.30 &#8211; 19.00<\/td><td>\u00a0pokro\u010dil\u00ed 8.-5.kyu<\/td><\/tr><tr><td>\u00a0<\/td><td>19.00 &#8211; 20.30<\/td><td>\u00a0pokro\u010dil\u00ed 5.-1.kyu, z\u00e1vodn\u00edci<\/td><\/tr><tr><td><strong>\u010ctvrtek<\/strong><\/td><td>16.15 &#8211; 17.30<\/td><td>\u00a0d\u011bti 5-7 let a za\u010d\u00e1te\u010dn\u00edci, pokro\u010dil\u00ed 10.-9.kyu<\/td><\/tr><tr><td>\u00a0<\/td><td>17.30 &#8211; 19.00<\/td><td>\u00a0pokro\u010dil\u00ed 8.-5.kyu<\/td><\/tr><tr><td>\u00a0<\/td><td>19.00 &#8211; 20.30<\/td><td>\u00a0pokro\u010dil\u00ed 5.-1.kyu, z\u00e1vodn\u00edci<\/td><\/tr><\/tbody><\/table><table border=\"0\"><tbody><tr><td><strong>Tren\u00e9\u0159i<\/strong>:<\/td><td>Josef Pat\u00edk, tel. 775\u00a0344\u00a0172<\/td><\/tr><tr><td>\u00a0<\/td><td>Jan Kalku\u0161<br \/>\u0160t\u011bp\u00e1n Krej\u010d\u00edk<br \/>\u0160\u00e1rka Koritinov\u00e1 &#8211; asistent tren\u00e9ra<\/td><\/tr><tr><td><strong>T\u011blocvi\u010dna:<\/strong><\/td><td>1. Z\u00e1kladn\u00ed \u0161kola, Kl\u00e1\u0161terec nad Oh\u0159\u00ed, Kr\u00e1tk\u00e1 676<\/td><\/tr><\/tbody><\/table>\t\t\t\t\t\t\t\t<\/div>\n\t\t\t\t<\/div>\n\t\t\t\t<\/div>\n\t\t<div class=\"elementor-element elementor-element-442edd9 e-con-full e-flex e-con e-child\" data-id=\"442edd9\" data-element_type=\"container\" data-e-type=\"container\">\n\t\t\t\t<div class=\"elementor-element elementor-element-cb99d6d elementor-widget elementor-widget-text-editor\" data-id=\"cb99d6d\" data-element_type=\"widget\" data-e-type=\"widget\" data-widget_type=\"text-editor.default\">\n\t\t\t\t<div class=\"elementor-widget-container\">\n\t\t\t\t\t\t\t\t\t<h3 style=\"text-align: center;\">Kada\u0148<\/h3><table border=\"0\"><tbody><tr><td><strong>Pond\u011bl\u00ed<\/strong><\/td><td>17.00 &#8211; 18.00<\/td><td>\u00a0d\u011bti 5-7 let a d\u011bti za\u010d\u00e1te\u010dn\u00edci (n\u00e1bor)<\/td><\/tr><tr><td>\u00a0<\/td><td>18.00 &#8211; 19.30<\/td><td>\u00a0pokro\u010dil\u00ed od 9.kyu<\/td><\/tr><tr><td><strong>St\u0159eda<\/strong><\/td><td>17.00 &#8211; 18.00<\/td><td>\u00a0za\u010d\u00e1te\u010dn\u00edci (n\u00e1bor)<\/td><\/tr><tr><td>\u00a0<\/td><td>18.00 &#8211; 19.30<\/td><td>\u00a0pokro\u010dil\u00ed od 9.kyu<\/td><\/tr><tr><td><strong>P\u00e1tek<\/strong><\/td><td>18.00 &#8211; 19.30<\/td><td>\u00a0Karate pro \u017eivot<\/td><\/tr><\/tbody><\/table><table border=\"0\"><tbody><tr><td><strong>Tren\u00e9\u0159i<\/strong>:<\/td><td>Michal Kubinec<\/td><\/tr><tr><td>\u00a0<\/td><td>V\u011bra Tomanov\u00e1<\/td><\/tr><tr><td>\u00a0<\/td><td>Vladim\u00edr Jindra<\/td><\/tr><tr><td>\u00a0<\/td><td>Jan Kalku\u0161 (KP\u017d)<\/td><\/tr><tr><td><strong>T\u011blocvi\u010dna:<\/strong><\/td><td>5. Z\u00e1kladn\u00ed \u0161kola, Na Podles\u00ed 1480, Kada\u0148<\/td><\/tr><\/tbody><\/table>\t\t\t\t\t\t\t\t<\/div>\n\t\t\t\t<\/div>\n\t\t\t\t<\/div>\n\t\t\t\t\t<\/div>\n\t\t\t\t<\/div>\n\t\t<div class=\"elementor-element elementor-element-57960b7 e-flex e-con-boxed e-con e-parent\" data-id=\"57960b7\" data-element_type=\"container\" data-e-type=\"container\">\n\t\t\t\t\t<div class=\"e-con-inner\">\n\t\t<div class=\"elementor-element elementor-element-f2e5385 e-con-full e-flex e-con e-child\" data-id=\"f2e5385\" data-element_type=\"container\" data-e-type=\"container\">\n\t\t\t\t<div class=\"elementor-element elementor-element-97d6f66 elementor-widget elementor-widget-google_maps\" data-id=\"97d6f66\" data-element_type=\"widget\" data-e-type=\"widget\" data-widget_type=\"google_maps.default\">\n\t\t\t\t<div class=\"elementor-widget-container\">\n\t\t\t\t\t\t\t<div class=\"elementor-custom-embed\">\n\t\t\t<iframe loading=\"lazy\"\n\t\t\t\t\tsrc=\"https:\/\/maps.google.com\/maps?q=z%C5%A1%20kr%C3%A1tk%C3%A1%20kl%C3%A1%C5%A1&#038;t=m&#038;z=16&#038;output=embed&#038;iwloc=near\"\n\t\t\t\t\ttitle=\"z\u0161 kr\u00e1tk\u00e1 kl\u00e1\u0161\"\n\t\t\t\t\taria-label=\"z\u0161 kr\u00e1tk\u00e1 kl\u00e1\u0161\"\n\t\t\t><\/iframe>\n\t\t<\/div>\n\t\t\t\t\t\t<\/div>\n\t\t\t\t<\/div>\n\t\t\t\t<\/div>\n\t\t<div class=\"elementor-element elementor-element-3bfba81 e-con-full e-flex e-con e-child\" data-id=\"3bfba81\" data-element_type=\"container\" data-e-type=\"container\">\n\t\t\t\t<div class=\"elementor-element elementor-element-136f3b5 elementor-widget elementor-widget-google_maps\" data-id=\"136f3b5\" data-element_type=\"widget\" data-e-type=\"widget\" data-widget_type=\"google_maps.default\">\n\t\t\t\t<div class=\"elementor-widget-container\">\n\t\t\t\t\t\t\t<div class=\"elementor-custom-embed\">\n\t\t\t<iframe loading=\"lazy\"\n\t\t\t\t\tsrc=\"https:\/\/maps.google.com\/maps?q=z%C5%A1%20na%20podles%C3%AD%20kada%C5%88&#038;t=m&#038;z=16&#038;output=embed&#038;iwloc=near\"\n\t\t\t\t\ttitle=\"z\u0161 na podles\u00ed kada\u0148\"\n\t\t\t\t\taria-label=\"z\u0161 na podles\u00ed kada\u0148\"\n\t\t\t><\/iframe>\n\t\t<\/div>\n\t\t\t\t\t\t<\/div>\n\t\t\t\t<\/div>\n\t\t\t\t<\/div>\n\t\t\t\t\t<\/div>\n\t\t\t\t<\/div>\n\t\t\t\t<\/div>\n\t\t","protected":false},"excerpt":{"rendered":"<p>Kdy a kde cvi\u010d\u00edme Kl\u00e1\u0161t\u011brec nad Oh\u0159\u00ed Pond\u011bl\u00ed 16.15 &#8211; 17.30 \u00a0d\u011bti 5-7 let a za\u010d\u00e1te\u010dn\u00edci, pokro\u010dil\u00ed 10.-9.kyu \u00a0 17.30 &#8211; 19.00 \u00a0pokro\u010dil\u00ed 8.-5.kyu \u00a0 19.00 &#8211; 20.30 \u00a0pokro\u010dil\u00ed 5.-1.kyu, z\u00e1vodn\u00edci \u010ctvrtek 16.15 &#8211; 17.30 \u00a0d\u011bti 5-7 let a za\u010d\u00e1te\u010dn\u00edci, pokro\u010dil\u00ed 10.-9.kyu \u00a0 17.30 &#8211; 19.00 \u00a0pokro\u010dil\u00ed 8.-5.kyu \u00a0 19.00 &#8211; 20.30 \u00a0pokro\u010dil\u00ed 5.-1.kyu, z\u00e1vodn\u00edci&#8230;<\/p>\n","protected":false},"author":1,"featured_media":0,"parent":0,"menu_order":0,"comment_status":"closed","ping_status":"closed","template":"elementor_header_footer","meta":{"_kadence_starter_templates_imported_post":false,"_kad_post_transparent":"","_kad_post_title":"","_kad_post_layout":"","_kad_post_sidebar_id":"","_kad_post_content_style":"","_kad_post_vertical_padding":"","_kad_post_feature":"","_kad_post_feature_position":"","_kad_post_header":false,"_kad_post_footer":false,"footnotes":""},"class_list":["post-1464","page","type-page","status-publish","hentry"],"_links":{"self":[{"href":"https:\/\/karateklubkadan.cz\/wp2\/wp-json\/wp\/v2\/pages\/1464","targetHints":{"allow":["GET"]}}],"collection":[{"href":"https:\/\/karateklubkadan.cz\/wp2\/wp-json\/wp\/v2\/pages"}],"about":[{"href":"https:\/\/karateklubkadan.cz\/wp2\/wp-json\/wp\/v2\/types\/page"}],"author":[{"embeddable":true,"href":"https:\/\/karateklubkadan.cz\/wp2\/wp-json\/wp\/v2\/users\/1"}],"replies":[{"embeddable":true,"href":"https:\/\/karateklubkadan.cz\/wp2\/wp-json\/wp\/v2\/comments?post=1464"}],"version-history":[{"count":46,"href":"https:\/\/karateklubkadan.cz\/wp2\/wp-json\/wp\/v2\/pages\/1464\/revisions"}],"predecessor-version":[{"id":2182,"href":"https:\/\/karateklubkadan.cz\/wp2\/wp-json\/wp\/v2\/pages\/1464\/revisions\/2182"}],"wp:attachment":[{"href":"https:\/\/karateklubkadan.cz\/wp2\/wp-json\/wp\/v2\/media?parent=1464"}],"curies":[{"name":"wp","href":"https:\/\/api.w.org\/{rel}","templated":true}]}}